{"id":671,"date":"2024-10-07T07:34:19","date_gmt":"2024-10-07T07:34:19","guid":{"rendered":"https:\/\/martinoabogados.com\/?page_id=671"},"modified":"2024-10-07T07:36:25","modified_gmt":"2024-10-07T07:36:25","slug":"privacidad-datos","status":"publish","type":"page","link":"https:\/\/martinoabogados.com\/ca\/privacidad-datos\/","title":{"rendered":"Privacidad de datos"},"content":{"rendered":"<div data-elementor-type=\"wp-page\" data-elementor-id=\"671\" class=\"elementor elementor-671\" data-elementor-post-type=\"page\">\n\t\t\t\t<div class=\"elementor-element elementor-element-092491c e-flex e-con-boxed e-con e-parent\" data-id=\"092491c\" data-element_type=\"container\" data-e-type=\"container\">\n\t\t\t\t\t<div class=\"e-con-inner\">\n\t\t\t\t<div class=\"elementor-element elementor-element-3a3a006 elementor-widget elementor-widget-heading\" data-id=\"3a3a006\" data-element_type=\"widget\" data-e-type=\"widget\" data-widget_type=\"heading.default\">\n\t\t\t\t<div class=\"elementor-widget-container\">\n\t\t\t\t\t<h2 class=\"elementor-heading-title elementor-size-default\">Privacidad y protecci\u00f3n de datos<\/h2>\t\t\t\t<\/div>\n\t\t\t\t<\/div>\n\t\t\t\t<div class=\"elementor-element elementor-element-942f214 elementor-widget elementor-widget-text-editor\" data-id=\"942f214\" data-element_type=\"widget\" data-e-type=\"widget\" data-widget_type=\"text-editor.default\">\n\t\t\t\t<div class=\"elementor-widget-container\">\n\t\t\t\t\t\t\t\t\t<p><b><i>CL\u00c1USULA PARA LOS FORMULARIOS WEB (1\u00aa capa)<\/i><\/b><\/p><p><span style=\"font-weight: 400;\">De conformidad con el Reglamento (UE) 2016\/679 del Parlamento Europeo y del Consejo, de 27 de abril de 2016, relativo a la protecci\u00f3n de las personas f\u00edsicas en cuanto al tratamiento de datos personales y a la libre circulaci\u00f3n de estos datos (RGPD), los datos personales recogidos en el presente formulario ser\u00e1n objeto de tratamiento por parte de MARCOS MARTINO FERRER -en adelante <\/span><b>MARTINO ABOGADOS<\/b><span style=\"font-weight: 400;\">, con el fin de dar respuesta a las comunicaciones recibidas y, en su caso, mantener las relaciones contractuales correspondientes. La base legal para el tratamiento de sus datos es su consentimiento. Se podr\u00e1n ejercer los derechos de acceso, supresi\u00f3n, rectificaci\u00f3n, oposici\u00f3n, portabilidad o limitaci\u00f3n mediante correo electr\u00f3nico dirigido a la direcci\u00f3n marcosmartino@icab.cat. En todo caso, los interesados tienen derecho a presentar una reclamaci\u00f3n ante la Autoridad de Protecci\u00f3n de Datos correspondiente. Los datos personales proporcionados se conservar\u00e1n por el periodo legal o contractualmente previsto, o mientras se mantenga el consentimiento del interesado. Rogamos comunique de forma inmediata, por medio de la direcci\u00f3n de correo anteriormente indicada, cualquier cambio o modificaci\u00f3n que se produzca en relaci\u00f3n a los datos que nos ha proporcionado, con el fin de que estos respondan con veracidad a su situaci\u00f3n personal en todo momento.<\/span><\/p><p><i><span style=\"font-weight: 400;\">\u00a0<\/span><\/i><\/p><p><b><i>POL\u00cdTICA DE PRIVACIDAD (2\u00aa capa)<\/i><\/b><\/p><p><b>\u00a0<\/b><\/p><table><tbody><tr><td colspan=\"2\"><p><b>RESPONSABLE<\/b><\/p><\/td><\/tr><tr><td><p><span style=\"font-weight: 400;\">Identidad y datos de contacto<\/span><\/p><\/td><td><p><span style=\"font-weight: 400;\">MARCOS MARTINO FERRER<\/span><\/p><\/td><\/tr><tr><td><p><span style=\"font-weight: 400;\">Direcci\u00f3n postal<\/span><\/p><\/td><td><p><span style=\"font-weight: 400;\">Avda. Diagonal, 449, 4\u00aa planta, Barcelona 08036<\/span><\/p><\/td><\/tr><tr><td><p><span style=\"font-weight: 400;\">Correo electr\u00f3nico\u00a0\u00a0\u00a0\u00a0\u00a0\u00a0\u00a0\u00a0\u00a0\u00a0\u00a0\u00a0\u00a0\u00a0\u00a0\u00a0\u00a0<\/span><\/p><\/td><td><p><span style=\"font-weight: 400;\">marcosmartino@icab.cat<\/span><\/p><\/td><\/tr><\/tbody><\/table><p><span style=\"font-weight: 400;\">\u00a0<\/span><\/p><p><span style=\"font-weight: 400;\">En cumplimiento de lo dispuesto en el art\u00edculo 13 del Reglamento (UE) 2016\/679 del Parlamento Europeo y del Consejo de 27 de abril de 2016, relativo a la protecci\u00f3n de las personas f\u00edsicas en relaci\u00f3n al tratamiento de datos personales y a la libre circulaci\u00f3n de estos datos (en adelante, RGPD) <\/span><b>MARTINO ABOGADOS<\/b><span style=\"font-weight: 400;\"> le informa de que los datos de car\u00e1cter personal que nos proporcione durante su navegaci\u00f3n y\/o mediante la cumplimentaci\u00f3n de los formularios del WEBSITE ser\u00e1n objeto de tratamiento por parte de <\/span><b>MARTINO ABOGADOS<\/b><span style=\"font-weight: 400;\">, el cual tiene por <\/span><b>FINALIDAD<\/b><span style=\"font-weight: 400;\"> gestionar los servicios ofrecidos, realizar tareas administrativas relacionadas con dichos servicios y ofrecerle un servicio \u00f3ptimo y de calidad por medio del WEBSITE.<\/span><\/p><p><b>\u00a0\u00bfC\u00d3MO UTILIZAMOS SUS DATOS?<\/b><\/p><p><span style=\"font-weight: 400;\">Usamos la informaci\u00f3n de la que disponemos, seg\u00fan sus decisiones, para proporcionar y mejorar nuestros productos y servicios, as\u00ed como para asegurar su funcionamiento. La informaci\u00f3n proporcionada tambi\u00e9n le servir\u00e1 para acceder y utilizar nuestro WEBSITE y proporcionarle informaci\u00f3n sobre los productos y servicios que desee.<\/span><\/p><p><span style=\"font-weight: 400;\">Adem\u00e1s utilizamos la informaci\u00f3n de la que disponemos para verificar actuales y futuras cuentas y actividades, combatir conductas perjudiciales, sospechosas o infracciones de nuestras condiciones y pol\u00edticas, detectar y prevenir spam y conservar la integridad de nuestros productos, servicios y datos recopilados, tomando las MEDIDAS DE SEGURIDAD pertinentes conforme a los datos recopilados y a las finalidades del tratamiento para garantizar la confidencialidad y seguridad de sus datos de car\u00e1cter personal cuando \u00e9stos son objeto de tratamiento en la medida que nuestra entidad tiene implantadas las pol\u00edticas de tratamiento y medidas de seguridad a las que se refiere la normativa europea vigente de protecci\u00f3n de datos. Las pol\u00edticas de tratamiento y medidas de seguridad implantadas en <\/span><b>MARTINO ABOGADOS<\/b><span style=\"font-weight: 400;\"> evitan la alteraci\u00f3n, p\u00e9rdida, tratamiento o uso no autorizado de sus datos de car\u00e1cter personal.<\/span><\/p><p><span style=\"font-weight: 400;\">Tambi\u00e9n utilizamos la informaci\u00f3n que nos proporciona para responderle cuando se pone en contacto con nosotros o para comunicarnos con usted en los casos en que est\u00e1 legalmente permitido.<\/span><\/p><p><span style=\"font-weight: 400;\">Los datos recogidos no ser\u00e1n tratados ulteriormente de manera incompatible con los fines indicados.<\/span><\/p><p><i><span style=\"font-weight: 400;\">\u00a0<\/span><\/i><b>\u00bfQU\u00c9 INFORMACI\u00d3N RECOGEMOS?<\/b><\/p><p><span style=\"font-weight: 400;\">El tipo de informaci\u00f3n recogida por <\/span><b>MARTINO ABOGADOS <\/b><span style=\"font-weight: 400;\">depende del uso que usted haga del WEBSITE, encontrar\u00e1 la informaci\u00f3n sobre la informaci\u00f3n que recopilamos y c\u00f3mo eliminarla en el apartado relativo al ejercicio de derechos de \u00e9sta Pol\u00edtica de Privacidad.<\/span><\/p><ul><li style=\"font-weight: 400;\" aria-level=\"1\"><span style=\"font-weight: 400;\">Recopilamos la informaci\u00f3n que nos proporciona cuando navega por nuestro WEBSITE, espec\u00edficamente los datos de identificaci\u00f3n y registro incluidos en formularios o datos y mensajes que nos comunique mediante los mismos. Estos datos pueden incluir: su nombre y apellidos y correo electr\u00f3nico adem\u00e1s de otros datos necesarios para procesar su solicitud o comunicaci\u00f3n.<\/span><\/li><li style=\"font-weight: 400;\" aria-level=\"1\"><span style=\"font-weight: 400;\">Podemos recibir informaci\u00f3n identificativa cuando nos env\u00ede un correo electr\u00f3nico o cuando contacte con nosotros.<\/span><\/li><li style=\"font-weight: 400;\" aria-level=\"1\"><span style=\"font-weight: 400;\">Podemos recibir, actualmente o en un futuro, informaci\u00f3n identificativa cuando acceda o inicie sesi\u00f3n en otra p\u00e1gina, como por ejemplo Facebook, desde nuestro WEBSITE. Esto puede incluir texto y\/o im\u00e1genes de su Informaci\u00f3n Personal Identificable disponible en esas terceras p\u00e1ginas.<\/span><\/li><li style=\"font-weight: 400;\" aria-level=\"1\"><span style=\"font-weight: 400;\">En caso que nuestro WEBSITE le ofrezca la posibilidad, ahora o en el futuro, de pagar por servicios ofrecidos por <\/span><b>MARTINO ABOGADOS<\/b><span style=\"font-weight: 400;\"> usando una tarjeta de cr\u00e9dito a trav\u00e9s de proveedores que realizan la tramitaci\u00f3n de pago a trav\u00e9s de terceros, es importante que sepa que nuestro proveedor de servicios, no <\/span><b>MARTINO ABOGADOS<\/b><span style=\"font-weight: 400;\">, ser\u00e1 qui\u00e9n recoja y procese la informaci\u00f3n de su tarjeta de cr\u00e9dito.<\/span><\/li><\/ul><p><span style=\"font-weight: 400;\">La RESPUESTA a los formularios planteados para recibir informaci\u00f3n de los servicios ofrecidos por <\/span><b>MARTINO ABOGADOS<\/b><span style=\"font-weight: 400;\">, as\u00ed como de cualquier otro cuestionario que pueda facilitarse en un futuro, es totalmente potestativa. No obstante, la negativa del cliente o usuario a facilitar determinados datos, podr\u00e1 imposibilitar la prestaci\u00f3n de los servicios ofrecidos.<\/span><\/p><p><span style=\"font-weight: 400;\">Le informamos que tambi\u00e9n utilizamos (o podemos utilizar) cookies mientras visita nuestro WEBSITE. Para m\u00e1s informaci\u00f3n sobre nuestro uso de cookies, por favor, dir\u00edjase a nuestra Pol\u00edtica de Cookies.<\/span><\/p><p><b>\u00bfDE D\u00d3NDE PROCEDE LA INFORMACI\u00d3N RECOGIDA?<\/b><\/p><p><span style=\"font-weight: 400;\">La informaci\u00f3n que recogemos mediante el WEBSITE proviene exclusivamente de usted. No recibimos datos de terceros ni de fuentes de acceso p\u00fablico.<\/span><\/p><p><i><span style=\"font-weight: 400;\">\u00a0<\/span><\/i><b>\u00bfQU\u00c9 BASE LEGAL NOS LEGITIMA PARA TRATAR LOS DATOS RECOGIDOS?<\/b><\/p><p><span style=\"font-weight: 400;\">La base legal para el tratamiento de sus datos es la siguiente:<\/span><\/p><ul><li style=\"font-weight: 400;\" aria-level=\"1\"><span style=\"font-weight: 400;\">El consentimiento prestado mediante la aceptaci\u00f3n expresa de la presente Pol\u00edtica de privacidad, el cual puede revocar en cualquier momento. Para m\u00e1s informaci\u00f3n sobre la posibilidad de revocar su consentimiento dir\u00edjase al apartado relativo al ejercicio de derechos de esta Pol\u00edtica.<\/span><\/li><li style=\"font-weight: 400;\" aria-level=\"1\"><span style=\"font-weight: 400;\">La ejecuci\u00f3n del contrato en el que usted es parte desde la firma de la hoja de encargo, o para la aplicaci\u00f3n de medidas precontractuales referidas al mismo.<\/span><\/li><li style=\"font-weight: 400;\" aria-level=\"1\"><span style=\"font-weight: 400;\">El cumplimiento de obligaciones legales de <\/span><b>MARTINO ABOGADOS<\/b><span style=\"font-weight: 400;\">.<\/span><\/li><\/ul><p><b>\u00bfCONSERVAMOS SUS DATOS?<\/b><\/p><p><span style=\"font-weight: 400;\">Los datos personales proporcionados se conservar\u00e1n durante nuestra relaci\u00f3n, por el tiempo necesario para las finalidades previstas del tratamiento, y mientras nos obliguen las leyes aplicables. El tiempo por el que conservamos sus datos depender\u00e1 de las finalidades para las que son recogidos y el cumplimiento de obligaciones legales de <\/span><b>MARTINO ABOGADOS<\/b><span style=\"font-weight: 400;\">. Para m\u00e1s informaci\u00f3n sobre c\u00f3mo suprimir sus datos, dir\u00edjase al apartado referido al ejercicio de derechos de la presente Pol\u00edtica de Privacidad.<\/span><\/p><p><b>\u00bfC\u00d3MO ACTUALIZAMOS SU INFORMACI\u00d3N?<\/b><\/p><p><span style=\"font-weight: 400;\">Toda la informaci\u00f3n que facilite el usuario a trav\u00e9s del registro o cumplimentando los formularios del WEBSITE deber\u00e1 ser veraz. De igual forma, ser\u00e1 responsabilidad del usuario mantener toda la informaci\u00f3n facilitada a <\/span><b>MARTINO ABOGADOS<\/b><span style=\"font-weight: 400;\"> permanentemente actualizada de forma que responda, en cada momento, a la situaci\u00f3n real del usuario. El usuario ser\u00e1 el \u00fanico responsable de las manifestaciones falsas o inexactas que realice y de los perjuicios que cause a <\/span><b>MARTINO ABOGADOS<\/b><span style=\"font-weight: 400;\"> o a terceros por la informaci\u00f3n que facilite.<\/span><\/p><p><span style=\"font-weight: 400;\">Rogamos comunique de forma inmediata a MARCOS MARTINO FERRER cualquier cambio o modificaci\u00f3n que se produzca en relaci\u00f3n a los datos que nos ha proporcionado, con el fin de que \u00e9stos respondan con veracidad a su situaci\u00f3n personal en todo momento.<\/span><\/p><p><b>\u00bfC\u00d3MO PUEDE EJERCER SUS DERECHOS?<\/b><\/p><p><span style=\"font-weight: 400;\">De conformidad con el RGPD, usted dispone de los siguientes derechos:<\/span><\/p><ul><li style=\"font-weight: 400;\" aria-level=\"1\"><span style=\"font-weight: 400;\">Derecho a obtener confirmaci\u00f3n sobre si en <\/span><b>MARTINO ABOGADOS <\/b><span style=\"font-weight: 400;\">estamos tratando datos personales que le conciernen, o no.<\/span><\/li><li style=\"font-weight: 400;\" aria-level=\"1\"><span style=\"font-weight: 400;\">Derecho a solicitar el acceso a los datos personales de que disponemos relativos a su persona.<\/span><\/li><li style=\"font-weight: 400;\" aria-level=\"1\"><span style=\"font-weight: 400;\">Derecho a solicitar su rectificaci\u00f3n o supresi\u00f3n, por ejemplo, podr\u00e1 pedir que su direcci\u00f3n de correo electr\u00f3nico se rectifique si la misma es err\u00f3nea o pedir la supresi\u00f3n de los datos de los que <\/span><b>MARTINO ABOGADOS<\/b><span style=\"font-weight: 400;\"> dispone cuando, entre otros motivos, ya no sean necesarios para los fines que fueron recogidos.<\/span><\/li><li style=\"font-weight: 400;\" aria-level=\"1\"><span style=\"font-weight: 400;\">Derecho a solicitar la limitaci\u00f3n de su tratamiento, por ejemplo, tiene derecho a limitar el tratamiento de sus datos para fines de marketing, pudiendo comunicarse con nosotros para que se d\u00e9 de baja su suscripci\u00f3n al NEWSLETTER o comunicaciones comerciales.<\/span><\/li><li style=\"font-weight: 400;\" aria-level=\"1\"><span style=\"font-weight: 400;\">Derecho a oponerse al tratamiento y retirar el consentimiento en cualquier momento, por ejemplo, puede pedir a <\/span><b>MARTINO ABOGADOS<\/b><span style=\"font-weight: 400;\"> que deje de tratar sus datos, sin que ello afecte a la licitud del tratamiento basado en el consentimiento previo a su retirada, dejando de tratar <\/span><b>MARTINO ABOGADOS<\/b><span style=\"font-weight: 400;\"> los datos salvo por motivos leg\u00edtimos imperiosos o el ejercicio o la defensa de posibles reclamaciones.<\/span><\/li><li style=\"font-weight: 400;\" aria-level=\"1\"><span style=\"font-weight: 400;\">Derecho a la portabilidad de los datos<\/span><\/li><\/ul><p><span style=\"font-weight: 400;\">Puede ejercer estos derechos enviando un email a <\/span><span style=\"font-weight: 400;\">marcosmartino@icab.cat<\/span><span style=\"font-weight: 400;\">\u00a0 indicando en el asunto \u201cEjercicio de derechos RGPD\u201d y el siguiente contenido:<\/span><\/p><ul><li style=\"font-weight: 400;\" aria-level=\"1\"><span style=\"font-weight: 400;\">Su nombre y apellidos o nombre de usuario,<\/span><\/li><li style=\"font-weight: 400;\" aria-level=\"1\"><span style=\"font-weight: 400;\">DNI\/NIE<\/span><\/li><li style=\"font-weight: 400;\" aria-level=\"1\"><span style=\"font-weight: 400;\">Correo electr\u00f3nico<\/span><\/li><li style=\"font-weight: 400;\" aria-level=\"1\"><span style=\"font-weight: 400;\">Derecho que se quiere ejercer<\/span><\/li><li style=\"font-weight: 400;\" aria-level=\"1\"><span style=\"font-weight: 400;\">Informaci\u00f3n sobre la que quiere tener acceso, rectificar, suprimir, limitar el tratamiento o ejercer su derecho de portabilidad<\/span><\/li><\/ul><p><span style=\"font-weight: 400;\">Asimismo, los interesados podr\u00e1n <\/span><b><i>presentar una reclamaci\u00f3n <\/i><\/b><span style=\"font-weight: 400;\">ante la Autoridad de Control en materia de Protecci\u00f3n de Datos competente, especialmente cuando no haya obtenido satisfacci\u00f3n en el ejercicio de sus derechos, mediante el siguiente enlace: <\/span><a href=\"http:\/\/www.agpd.es\/\"><span style=\"font-weight: 400;\">www.agpd.es<\/span><\/a><\/p><p><b>\u00bfTRANSFERIMOS O CEDEMOS SUS DATOS A TERCEROS?<\/b><\/p><p><span style=\"font-weight: 400;\">Los datos no se comunicar\u00e1n ni transferir\u00e1n a terceros, salvo a los posibles Encargados de Tratamiento, cuya legitimidad del tratamiento es la ejecuci\u00f3n del contrato del encargo.<\/span><\/p><p><b>MARTINO ABOGADOS<\/b><span style=\"font-weight: 400;\"> puede compartir su informaci\u00f3n con varias autoridades gubernamentales en respuesta a comparecencias, \u00f3rdenes judiciales u otros procesos legales o para cualquier otro asunto requerido por la ley.<\/span><\/p><p><span style=\"font-weight: 400;\">Para su comodidad e inter\u00e9s podemos proporcionar v\u00ednculos a P\u00e1ginas de terceros. No divulgamos su informaci\u00f3n a estas P\u00e1ginas de terceros sin su consentimiento.<\/span><\/p><p><span style=\"font-weight: 400;\">A\u00fan as\u00ed, no aprobamos y no somos responsables de las pr\u00e1cticas de privacidad de estas p\u00e1ginas. Si decide entrar en un enlace de una de estas P\u00e1ginas de terceros, deber\u00eda revisar la Pol\u00edtica de Privacidad publicada en la otra p\u00e1gina para entender c\u00f3mo esa P\u00e1gina de terceros recoge y utiliza sus datos personales.<\/span><\/p><p><br \/><br \/><\/p>\t\t\t\t\t\t\t\t<\/div>\n\t\t\t\t<\/div>\n\t\t\t\t\t<\/div>\n\t\t\t\t<\/div>\n\t\t\t\t<\/div>","protected":false},"excerpt":{"rendered":"<p>Privacidad y protecci\u00f3n de datos CL\u00c1USULA PARA LOS FORMULARIOS WEB (1\u00aa capa) De conformidad con el Reglamento (UE) 2016\/679 del Parlamento Europeo y del Consejo, de 27 de abril de 2016, relativo a la protecci\u00f3n de las personas f\u00edsicas en cuanto al tratamiento de datos personales y a la libre circulaci\u00f3n de estos datos (RGPD), [&hellip;]<\/p>\n","protected":false},"author":1,"featured_media":0,"parent":0,"menu_order":0,"comment_status":"closed","ping_status":"closed","template":"elementor_header_footer","meta":{"footnotes":""},"class_list":["post-671","page","type-page","status-publish","hentry"],"aioseo_notices":[],"_links":{"self":[{"href":"https:\/\/martinoabogados.com\/ca\/wp-json\/wp\/v2\/pages\/671","targetHints":{"allow":["GET"]}}],"collection":[{"href":"https:\/\/martinoabogados.com\/ca\/wp-json\/wp\/v2\/pages"}],"about":[{"href":"https:\/\/martinoabogados.com\/ca\/wp-json\/wp\/v2\/types\/page"}],"author":[{"embeddable":true,"href":"https:\/\/martinoabogados.com\/ca\/wp-json\/wp\/v2\/users\/1"}],"replies":[{"embeddable":true,"href":"https:\/\/martinoabogados.com\/ca\/wp-json\/wp\/v2\/comments?post=671"}],"version-history":[{"count":5,"href":"https:\/\/martinoabogados.com\/ca\/wp-json\/wp\/v2\/pages\/671\/revisions"}],"predecessor-version":[{"id":676,"href":"https:\/\/martinoabogados.com\/ca\/wp-json\/wp\/v2\/pages\/671\/revisions\/676"}],"wp:attachment":[{"href":"https:\/\/martinoabogados.com\/ca\/wp-json\/wp\/v2\/media?parent=671"}],"curies":[{"name":"wp","href":"https:\/\/api.w.org\/{rel}","templated":true}]}}