{"id":663,"date":"2024-10-07T07:32:59","date_gmt":"2024-10-07T07:32:59","guid":{"rendered":"https:\/\/martinoabogados.com\/?page_id=663"},"modified":"2024-10-07T07:34:03","modified_gmt":"2024-10-07T07:34:03","slug":"politica-de-cookies","status":"publish","type":"page","link":"https:\/\/martinoabogados.com\/ca\/politica-de-cookies\/","title":{"rendered":"Pol\u00edtica de cookies"},"content":{"rendered":"<div data-elementor-type=\"wp-page\" data-elementor-id=\"663\" class=\"elementor elementor-663\" data-elementor-post-type=\"page\">\n\t\t\t\t<div class=\"elementor-element elementor-element-a7e4acb e-flex e-con-boxed e-con e-parent\" data-id=\"a7e4acb\" data-element_type=\"container\" data-e-type=\"container\">\n\t\t\t\t\t<div class=\"e-con-inner\">\n\t\t\t\t<div class=\"elementor-element elementor-element-2f98686 elementor-widget elementor-widget-heading\" data-id=\"2f98686\" data-element_type=\"widget\" data-e-type=\"widget\" data-widget_type=\"heading.default\">\n\t\t\t\t<div class=\"elementor-widget-container\">\n\t\t\t\t\t<h2 class=\"elementor-heading-title elementor-size-default\">Pol\u00edtica de cookies<\/h2>\t\t\t\t<\/div>\n\t\t\t\t<\/div>\n\t\t\t\t<div class=\"elementor-element elementor-element-f0ee34f elementor-widget elementor-widget-text-editor\" data-id=\"f0ee34f\" data-element_type=\"widget\" data-e-type=\"widget\" data-widget_type=\"text-editor.default\">\n\t\t\t\t<div class=\"elementor-widget-container\">\n\t\t\t\t\t\t\t\t\t<p><b>MARCOS MARTINO FERRER -en adelante MARTINO ABOGADOS- ha desarrollado esta pol\u00edtica para informarle de qu\u00e9 es una cookie, cu\u00e1les usamos en esta web y ayudarle a poder gestionarlas seg\u00fan sea de su inter\u00e9s.<\/b><\/p><p><span style=\"font-weight: 400;\">Con su visita a nuestra web est\u00e1 siendo informado de la existencia de cookies y de la presente pol\u00edtica de cookies. Con su registro en la web y\/o la mera navegaci\u00f3n <\/span><span style=\"font-weight: 400;\">est\u00e1 consintiendo la instalaci\u00f3n de las cookies<\/span><span style=\"font-weight: 400;\"> informadas (salvo que haya modificado la configuraci\u00f3n de su navegador para rechazar cookies).<\/span><\/p><p><span style=\"font-weight: 400;\">Una \u201ccookie\u201d es un peque\u00f1o archivo de texto que un sitio web almacena en el navegador del usuario. Las cookies facilitan el uso y la navegaci\u00f3n por una p\u00e1gina web y son esenciales para el funcionamiento de internet, aportando innumerables ventajas en la prestaci\u00f3n de servicios interactivos.<\/span><\/p><p><span style=\"font-weight: 400;\">Las cookies se utilizan, por ejemplo, para gestionar la sesi\u00f3n del usuario (reduciendo el n\u00famero de veces que tiene que incluir su contrase\u00f1a) o para adecuar los contenidos de una p\u00e1gina web a sus preferencias. Las cookies pueden ser de \u201csesi\u00f3n\u201d, por lo que se borrar\u00e1n una vez el usuario abandone la p\u00e1gina web que las gener\u00f3 o \u201cpersistentes\u201d, que permanecen en su ordenador hasta una fecha determinada.<\/span><\/p><p><span style=\"font-weight: 400;\">Este documento de \u201cUso de Cookies\u201d ha sido elaborado a partir de una auditor\u00eda t\u00e9cnica externa estando, por tanto, sujeto a actualizaciones peri\u00f3dicas. Su prop\u00f3sito es ayudarle a comprender el uso que la presente p\u00e1gina web hace de las cookies, la finalidad de las cookies utilizadas, as\u00ed como de las opciones que el usuario tiene a su disposici\u00f3n para gestionarlas.<\/span><\/p><p><span style=\"font-weight: 400;\">El uso de esta web con la funcionalidad del navegador habilitada para aceptar cookies implica la aceptaci\u00f3n, por parte del usuario, de la tecnolog\u00eda cookie utilizada por dicha web.<\/span><\/p><p><b>\u00a0<\/b><\/p><p><b>Ejemplos de Tipo de cookies:<\/b><\/p><p><b>Cookies de uso interno<\/b><\/p><p><span style=\"font-weight: 400;\">Son <\/span><i><span style=\"font-weight: 400;\">cookies de uso interno<\/span><\/i><span style=\"font-weight: 400;\">, las imprescindibles para el funcionamiento de una web, como por ejemplo aquellas que permiten la autenticaci\u00f3n o el mantenimiento de la sesi\u00f3n del usuario registrado cuando navega por la p\u00e1gina. La desactivaci\u00f3n de estas cookies impide el funcionamiento correcto de algunas de las funcionalidades de la web.<\/span><\/p><p><b>Cookies Anal\u00edticas<\/b><\/p><p><span style=\"font-weight: 400;\">Esta web utiliza <\/span><i><span style=\"font-weight: 400;\">cookies anal\u00edticas <\/span><\/i><span style=\"font-weight: 400;\">para recabar estad\u00edsticas sobre la actividad del usuario en la web y la actividad general de la misma. La informaci\u00f3n recopilada es an\u00f3nima y permite optimizar la navegaci\u00f3n por nuestra p\u00e1gina web y garantizar el mejor servicio al usuario. El usuario puede excluir su actividad mediante los sistemas de exclusi\u00f3n facilitados por las herramientas anal\u00edticas.<\/span><\/p><p><b>Cookies de terceros para la gesti\u00f3n de espacios publicitarios<\/b><\/p><p><span style=\"font-weight: 400;\">Son cookies almacenadas por terceras partes que gestionan los espacios publicitarios que los usuarios visualizan al acceder a esta web. Estas cookies permiten medir la efectividad de campa\u00f1as online, proporcionar al usuario informaci\u00f3n de su inter\u00e9s y ofrecerle contenidos publicitarios de su preferencia. De conformidad con sus propias pol\u00edticas, algunos gestores de publicidad pueden utilizar las cookies an\u00f3nimas para mostrar anuncios de su inter\u00e9s cuando visite otras p\u00e1ginas web. No obstante, los usuarios pueden gestionar la aceptaci\u00f3n o no de dichas cookies mediante la configuraci\u00f3n de su navegador.<\/span><\/p><p><b>Garant\u00edas y opciones sobre las cookies<\/b><\/p><p><span style=\"font-weight: 400;\">Durante la instalaci\u00f3n o puesta al d\u00eda del navegador, el usuario tiene la posibilidad de aceptar o rechazar la instalaci\u00f3n de cookies, o bien rechazar la instalaci\u00f3n de un determinado tipo de cookies, como las cookies de publicidad y de terceros. Adem\u00e1s, despu\u00e9s de cada sesi\u00f3n puede eliminar todas o algunas de las cookies almacenadas.<\/span><\/p><p><span style=\"font-weight: 400;\">Asimismo, el usuario puede activar:<\/span><\/p><p><span style=\"font-weight: 400;\">\u2013 la navegaci\u00f3n privada, mediante la cual su navegador deja de guardar el historial de navegaci\u00f3n, contrase\u00f1as de sitios web, cookies y otra informaci\u00f3n de las p\u00e1ginas que visita, o<\/span><\/p><p><span style=\"font-weight: 400;\">\u2013 la funci\u00f3n de no rastrear, por la que el navegador pide a los sitios web que visita que no rastreen sus h\u00e1bitos de navegaci\u00f3n para, por ejemplo, servirle publicidad de su inter\u00e9s en los sitios que visita.<\/span><\/p><p><span style=\"font-weight: 400;\">Le recomendamos que consulte la ayuda de su navegador para informarse de las diferentes opciones sobre c\u00f3mo gestionar las cookies. Tenga en cuenta que el bloqueo de cookies puede afectar a todas o algunas de las funcionalidades de nuestra web.<\/span><\/p><p><b>Cookies utilizadas en esta Web:<\/b><\/p><p><br \/><br \/><br \/><\/p><p><b>Redes Sociales:<\/b><\/p><p><span style=\"font-weight: 400;\">Cookies de complementos externos de contenidos y Cookies usadas por redes sociales:<\/span><\/p><p><span style=\"font-weight: 400;\">En otros sitios que no pertenecen a <\/span><b>MARTINO ABOGADOS <\/b><span style=\"font-weight: 400;\">se instalan cookies de terceros a todos sus visitantes, aunque no sean usuarios registrados en las correspondientes plataformas:<\/span><\/p><ul><li style=\"font-weight: 400;\" aria-level=\"1\"><b>MARTINO ABOGADOS <\/b><span style=\"font-weight: 400;\">en <\/span><b>Facebook<\/b><span style=\"font-weight: 400;\">. Sus finalidades est\u00e1n descritas en la P\u00e1gina de Cookies de <\/span><b>Facebook<\/b><span style=\"font-weight: 400;\">: <\/span><a href=\"https:\/\/www.facebook.com\/policies\/cookies\/\"><span style=\"font-weight: 400;\">https:\/\/www.facebook.com\/policies\/cookies\/<\/span><\/a><\/li><li style=\"font-weight: 400;\" aria-level=\"1\"><b>MARTINO ABOGADOS<\/b><span style=\"font-weight: 400;\"> en <\/span><b>Linkedin<\/b><span style=\"font-weight: 400;\">. Sus finalidades est\u00e1n descritas en la P\u00e1gina de Cookies de <\/span><b>Linkedin<\/b><span style=\"font-weight: 400;\">: <\/span><a href=\"https:\/\/www.linkedin.com\/legal\/cookie-policy?trk=organization-guest_footer-cookie-policy\"><span style=\"font-weight: 400;\">https:\/\/www.linkedin.com\/legal\/cookie-policy?trk=organization-guest_footer-cookie-policy<\/span><\/a><\/li><li style=\"font-weight: 400;\" aria-level=\"1\"><b>MARTINO ABOGADOS <\/b><span style=\"font-weight: 400;\">en <\/span><b>Google+<\/b><span style=\"font-weight: 400;\">. Sus finalidades est\u00e1n descritas en la P\u00e1gina de Cookies de <\/span><b>Google<\/b><span style=\"font-weight: 400;\">: <\/span><a href=\"https:\/\/policies.google.com\/technologies\/types?hl=es\"><span style=\"font-weight: 400;\">https:\/\/policies.google.com\/technologies\/types?hl=es<\/span><\/a><\/li><li style=\"font-weight: 400;\" aria-level=\"1\"><b>MARTINO ABOGADOS<\/b><span style=\"font-weight: 400;\"> en <\/span><b>Youtube<\/b><span style=\"font-weight: 400;\">. Sus finalidades est\u00e1n descritas en la P\u00e1gina de Cookies de <\/span><b>Youtube<\/b><span style=\"font-weight: 400;\">: <\/span><a href=\"https:\/\/www.google.es\/intl\/es\/policies\/privacy\/key-terms\/#toc-terms-cookie\"><span style=\"font-weight: 400;\">https:\/\/www.google.es\/intl\/es\/policies\/privacy\/key-terms\/#toc-terms-cookie<\/span><\/a><\/li><li style=\"font-weight: 400;\" aria-level=\"1\"><b>MARTINO ABOGADOS<\/b><span style=\"font-weight: 400;\"> en <\/span><b>Instagram<\/b><span style=\"font-weight: 400;\">. Sus finalidades est\u00e1n descritas en la P\u00e1gina de Cookies de <\/span><b>Instagram<\/b><span style=\"font-weight: 400;\">: <\/span><a href=\"https:\/\/instagram.com\/legal\/cookies\/\"><span style=\"font-weight: 400;\">https:\/\/instagram.com\/legal\/cookies\/<\/span><\/a><\/li><\/ul><p><b>\u00a0<\/b><\/p><p><b>Esta informaci\u00f3n la utilizamos para mejorar nuestra p\u00e1gina<\/b><span style=\"font-weight: 400;\">, detectar nuevas necesidades y valorar las mejoras a introducir con la finalidad de prestar un mejor servicio a los usuarios que nos visitan.<\/span><\/p><p><b>Para permitir, conocer, bloquear o eliminar las cookies instaladas en su equipo, puede hacerlo mediante la configuraci\u00f3n de las opciones del navegador instalado en su ordenador<\/b><span style=\"font-weight: 400;\">.<\/span><\/p><p><span style=\"font-weight: 400;\">Por ejemplo, puede encontrar informaci\u00f3n sobre c\u00f3mo hacerlo en el caso que use alguno de estos navegadores:<\/span><\/p><p><span style=\"font-weight: 400;\">Firefox desde aqu\u00ed:<\/span><\/p><p><a href=\"http:\/\/support.mozilla.org\/es\/kb\/habilitar-y-deshabilitar-cookies-que-los-sitios-we\"><span style=\"font-weight: 400;\">http:\/\/support.mozilla.org\/es\/kb\/habilitar-y-deshabilitar-cookies-que-los-sitios-we<\/span><\/a><\/p><p><span style=\"font-weight: 400;\">Chrome desde aqu\u00ed:<\/span><\/p><p><a href=\"http:\/\/support.google.com\/chrome\/bin\/answer.py?hl=es&amp;answer=95647\"><span style=\"font-weight: 400;\">http:\/\/support.google.com\/chrome\/bin\/answer.py?hl=es&amp;answer=95647<\/span><\/a><\/p><p><span style=\"font-weight: 400;\">Explorer desde aqu\u00ed:<\/span><\/p><p><a href=\"https:\/\/support.microsoft.com\/es-es\/help\/17442\/windows-internet-explorer-delete-manage-cookies\"><span style=\"font-weight: 400;\">https:\/\/support.microsoft.com\/es-es\/help\/17442\/windows-internet-explorer-delete-manage-cookies<\/span><\/a><\/p><p><span style=\"font-weight: 400;\">Safari desde aqu\u00ed:<\/span><\/p><p><a href=\"http:\/\/support.apple.com\/kb\/ph5042\"><span style=\"font-weight: 400;\">http:\/\/support.apple.com\/kb\/ph5042<\/span><\/a><\/p><p><span style=\"font-weight: 400;\">Opera desde aqu\u00ed:<\/span><\/p><p><a href=\"http:\/\/help.opera.com\/Windows\/11.50\/es-ES\/cookies.html\"><span style=\"font-weight: 400;\">http:\/\/help.opera.com\/Windows\/11.50\/es-ES\/cookies.html<\/span><\/a><\/p><p><br \/><br \/><\/p>\t\t\t\t\t\t\t\t<\/div>\n\t\t\t\t<\/div>\n\t\t\t\t\t<\/div>\n\t\t\t\t<\/div>\n\t\t\t\t<\/div>","protected":false},"excerpt":{"rendered":"<p>Pol\u00edtica de cookies MARCOS MARTINO FERRER -en adelante MARTINO ABOGADOS- ha desarrollado esta pol\u00edtica para informarle de qu\u00e9 es una cookie, cu\u00e1les usamos en esta web y ayudarle a poder gestionarlas seg\u00fan sea de su inter\u00e9s. Con su visita a nuestra web est\u00e1 siendo informado de la existencia de cookies y de la presente pol\u00edtica [&hellip;]<\/p>\n","protected":false},"author":1,"featured_media":0,"parent":0,"menu_order":0,"comment_status":"closed","ping_status":"closed","template":"elementor_header_footer","meta":{"footnotes":""},"class_list":["post-663","page","type-page","status-publish","hentry"],"aioseo_notices":[],"_links":{"self":[{"href":"https:\/\/martinoabogados.com\/ca\/wp-json\/wp\/v2\/pages\/663","targetHints":{"allow":["GET"]}}],"collection":[{"href":"https:\/\/martinoabogados.com\/ca\/wp-json\/wp\/v2\/pages"}],"about":[{"href":"https:\/\/martinoabogados.com\/ca\/wp-json\/wp\/v2\/types\/page"}],"author":[{"embeddable":true,"href":"https:\/\/martinoabogados.com\/ca\/wp-json\/wp\/v2\/users\/1"}],"replies":[{"embeddable":true,"href":"https:\/\/martinoabogados.com\/ca\/wp-json\/wp\/v2\/comments?post=663"}],"version-history":[{"count":7,"href":"https:\/\/martinoabogados.com\/ca\/wp-json\/wp\/v2\/pages\/663\/revisions"}],"predecessor-version":[{"id":670,"href":"https:\/\/martinoabogados.com\/ca\/wp-json\/wp\/v2\/pages\/663\/revisions\/670"}],"wp:attachment":[{"href":"https:\/\/martinoabogados.com\/ca\/wp-json\/wp\/v2\/media?parent=663"}],"curies":[{"name":"wp","href":"https:\/\/api.w.org\/{rel}","templated":true}]}}