{"id":658,"date":"2024-10-07T07:25:23","date_gmt":"2024-10-07T07:25:23","guid":{"rendered":"https:\/\/martinoabogados.com\/?page_id=658"},"modified":"2024-10-09T21:40:39","modified_gmt":"2024-10-09T21:40:39","slug":"aviso-legal","status":"publish","type":"page","link":"https:\/\/martinoabogados.com\/ca\/aviso-legal\/","title":{"rendered":"Aviso Legal"},"content":{"rendered":"<div data-elementor-type=\"wp-page\" data-elementor-id=\"658\" class=\"elementor elementor-658\" data-elementor-post-type=\"page\">\n\t\t\t\t<div class=\"elementor-element elementor-element-a673c50 e-flex e-con-boxed e-con e-parent\" data-id=\"a673c50\" data-element_type=\"container\" data-e-type=\"container\">\n\t\t\t\t\t<div class=\"e-con-inner\">\n\t\t\t\t<div class=\"elementor-element elementor-element-b433235 elementor-widget elementor-widget-heading\" data-id=\"b433235\" data-element_type=\"widget\" data-e-type=\"widget\" data-widget_type=\"heading.default\">\n\t\t\t\t<div class=\"elementor-widget-container\">\n\t\t\t\t\t<h2 class=\"elementor-heading-title elementor-size-default\">Aviso Legal<\/h2>\t\t\t\t<\/div>\n\t\t\t\t<\/div>\n\t\t\t\t<div class=\"elementor-element elementor-element-9d582b2 elementor-widget elementor-widget-text-editor\" data-id=\"9d582b2\" data-element_type=\"widget\" data-e-type=\"widget\" data-widget_type=\"text-editor.default\">\n\t\t\t\t<div class=\"elementor-widget-container\">\n\t\t\t\t\t\t\t\t\t<p><b>INFORMACI\u00d3N GENERAL<\/b><\/p><ol><li style=\"font-weight: 400;\" aria-level=\"1\"><b>IDENTIFICACI\u00d3N WEBSITE<\/b><\/li><\/ol><p><span style=\"font-weight: 400;\">En cumplimiento de lo dispuesto en el art\u00edculo 10 de la Ley 34\/2002, de 11 de julio, de Servicios de la Sociedad de la Informaci\u00f3n y Comercio Electr\u00f3nico (LSSICE), ponemos a su disposici\u00f3n la \u201cinformaci\u00f3n general\u201d, que comprende los datos identificativos de la entidad titular de este WEBSITE:<\/span><\/p><p><span style=\"font-weight: 400;\">Denominaci\u00f3n:<\/span><b> MARCOS MARTINO FERRER -en adelante MARTINO ABOBAGOS-<\/b><\/p><p><span style=\"font-weight: 400;\">Nombre comercial: MARTINO ABOGADOS<\/span><\/p><p><span style=\"font-weight: 400;\">Domicilio:<\/span><b> Avda. Diagonal, 449, 4\u00aa planta, 08036 Barcelona<\/b><\/p><p><span style=\"font-weight: 400;\">NIF: <\/span><b>46557684A<\/b><\/p><p><span style=\"font-weight: 400;\">Tel\u00e9fono: <\/span><b>93 5481104<\/b><\/p><p><span style=\"font-weight: 400;\">E-mail: <\/span><b>marcosmartino@icab.cat<\/b><\/p><p><span style=\"font-weight: 400;\">Nombre de dominio<\/span><b>: https:\/\/www.martinoabogados.com<\/b><\/p><p><b>Condiciones de USO del WEBSITE\u00a0<\/b><\/p><ol><li style=\"font-weight: 400;\" aria-level=\"1\"><b>ATRIBUCI\u00d3N CONDICI\u00d3N DE USUARIO DEL WEBSITE<\/b><\/li><\/ol><p><span style=\"font-weight: 400;\">La utilizaci\u00f3n de <\/span><b>https:\/\/www.martinoabogados.com<\/b><span style=\"font-weight: 400;\"> (en adelante, el \u201cWEBSITE\u201d) atribuye la condici\u00f3n de usuario del website e implica la aceptaci\u00f3n plena y sin reservas de todas y cada una de las disposiciones incluidas en este Aviso Legal en la versi\u00f3n publicada por <\/span><b>MARTINO ABOGADOS,<\/b><span style=\"font-weight: 400;\"> en el momento mismo en que el usuario acceda al WEBSITE. En consecuencia, el usuario debe leer atentamente las presentes condiciones en cada una de las ocasiones en que se proponga utilizar el WEBSITE, ya que pueden sufrir modificaciones.<\/span><\/p><p><b>MARTINO ABOGADOS<\/b><span style=\"font-weight: 400;\"> se reserva el derecho de modificar las condiciones de uso del WEBSITE, y es obligaci\u00f3n del Usuario revisar peri\u00f3dicamente las presentes condiciones.<\/span><\/p><ol><li style=\"font-weight: 400;\" aria-level=\"1\"><b>OBJETO<\/b><\/li><\/ol><p><span style=\"font-weight: 400;\">Las presentes condiciones de uso pretenden regular el acceso de los usuarios y la navegaci\u00f3n posterior por el WEBSITE. Asimismo, estas condiciones regulan la relaci\u00f3n entre los usuarios y <\/span><b>MARTINO ABOGADOS <\/b><span style=\"font-weight: 400;\">cuando los primeros usen el WEBSITE, ofrecido por <\/span><b>MARTINO ABOGADOS, <\/b><span style=\"font-weight: 400;\">con cualquier tipo de finalidad.<\/span><\/p><ol><li style=\"font-weight: 400;\" aria-level=\"1\"><b>OBLIGACIONES DE LOS USUARIOS<\/b><\/li><\/ol><p><b>\u00a0<\/b><span style=\"font-weight: 400;\">Acceso y utilizaci\u00f3n del WEBSITE:<\/span><\/p><p><span style=\"font-weight: 400;\">La visita y la consulta de informaci\u00f3n del WEBSITE, tiene car\u00e1cter gratuito para todos los Usuarios.<\/span><\/p><p><span style=\"font-weight: 400;\">Obligaci\u00f3n de hacer un uso correcto de los Contenidos:<\/span><\/p><p><span style=\"font-weight: 400;\">El Usuario se compromete a utilizar los contenidos puestos a disposici\u00f3n de los Usuarios en el WEBSITE y, entendiendo por estos, sin que esta enumeraci\u00f3n tenga car\u00e1cter limitativo, los textos, fotograf\u00edas, gr\u00e1ficos, im\u00e1genes, iconos, tecnolog\u00eda, software, links y dem\u00e1s contenidos audiovisuales o sonoros, as\u00ed como su dise\u00f1o gr\u00e1fico y c\u00f3digos fuente (en adelante, los \u201cContenidos\u201d), de conformidad con la ley, el presente Aviso Legal (condiciones de uso) y dem\u00e1s avisos, reglamentos de uso e instrucciones puestos en su conocimiento, as\u00ed como con la moral, las buenas costumbres generalmente aceptadas y el orden p\u00fablico.<\/span><\/p><ol><li style=\"font-weight: 400;\" aria-level=\"1\"><b>PROPIEDAD INTELECTUAL<\/b><\/li><\/ol><p><b>MARTINO ABOGADOS <\/b><span style=\"font-weight: 400;\">es titular de los derechos de propiedad intelectual e industrial, o ha obtenido las autorizaciones o licencias correspondientes para su explotaci\u00f3n, sobre el nombre de dominio, las marcas y signos distintivos, la informaci\u00f3n y el resto de obras e invenciones relacionadas con el WEBSITE y la tecnolog\u00eda asociada al mismo, as\u00ed como sobre sus contenidos.<\/span><\/p><p><span style=\"font-weight: 400;\">Los contenidos de este WEBSITE, incluyendo dise\u00f1os, aplicaciones, texto, im\u00e1genes y c\u00f3digo fuente, est\u00e1n protegidos por derechos de propiedad intelectual e industrial.<\/span><\/p><p><span style=\"font-weight: 400;\">De ninguna forma el contenido se podr\u00e1 utilizar, reproducir, copiar o transmitir en forma alguna sin el permiso previo, escrito y expl\u00edcito de <\/span><b>MARTINO ABOGADOS<\/b><\/p><p><span style=\"font-weight: 400;\">El Usuario deber\u00e1 abstenerse de aportar contenidos que hayan sido obtenidos de forma il\u00edcita o protegidos por derechos de propiedad intelectual (copyright) sin la autorizaci\u00f3n expresa de los autores originales o los propietarios de los citados derechos. En todo caso, responder\u00e1 el usuario y no <\/span><b>MARTINO ABOGADOS <\/b><span style=\"font-weight: 400;\">de las posibles reclamaciones econ\u00f3micas o de cualquier tipo que pudieran dirigirse a <\/span><b>MARTINO ABOGADOS <\/b><span style=\"font-weight: 400;\">por estos hechos en reclamaci\u00f3n de los citados derechos de propiedad intelectual.<\/span><\/p><p><span style=\"font-weight: 400;\">En el caso en el cual un Usuario o un tercero considere que existen hechos o circunstancias que revelen el car\u00e1cter indebido de la utilizaci\u00f3n de cualquier contenido y\/o de la realizaci\u00f3n de cualquier actividad en las p\u00e1ginas web incluidas o accesibles a trav\u00e9s del WEBSITE y, en particular, de la violaci\u00f3n de derechos de propiedad intelectual o industrial (patentes, modelos y dibujos industriales, marcas y nombres comerciales, etc.), el incumplimiento de los deberes y obligaciones previstas en estas condiciones o la vulneraci\u00f3n de otros derechos, deber\u00e1 enviar un email a marcosmartino@icab.cat informando a <\/span><b>MARTINO ABOGADOS<\/b><b>, <\/b><span style=\"font-weight: 400;\">en el que se contengan los siguientes extremos:<\/span><\/p><p><span style=\"font-weight: 400;\">(a) Datos personales del reclamante: nombre, direcci\u00f3n, n\u00famero de tel\u00e9fono y direcci\u00f3n de correo electr\u00f3nico.<\/span><\/p><p><span style=\"font-weight: 400;\">(b) Especificaci\u00f3n de la supuesta actividad il\u00edcita llevada a cabo en el WEBSITE y, en particular, cuando se trate de una supuesta violaci\u00f3n de derechos, indicaci\u00f3n precisa y concreta de los contenidos protegidos as\u00ed como de su localizaci\u00f3n en las p\u00e1ginas web.<\/span><\/p><p><span style=\"font-weight: 400;\">(c) Hechos o circunstancias que revelen el car\u00e1cter il\u00edcito de dicha actividad.<\/span><\/p><p><span style=\"font-weight: 400;\">(d) En el supuesto de violaci\u00f3n de derechos, con los datos personales del titular de los derechos supuestamente infringidos.<\/span><\/p><p><span style=\"font-weight: 400;\">(e) Declaraci\u00f3n expresa, clara y bajo la responsabilidad del reclamante, de que la informaci\u00f3n proporcionada en la notificaci\u00f3n es exacta y del car\u00e1cter indebido de la utilizaci\u00f3n de los contenidos o de la realizaci\u00f3n de las actividades descritas.<\/span><\/p><p><b>MARTINO ABOGADOS <\/b><span style=\"font-weight: 400;\">proceder\u00e1 de inmediato a adoptar las medidas para la subsanaci\u00f3n o eliminaci\u00f3n, en su caso, de los citados datos o contenidos.<\/span><\/p><p><span style=\"font-weight: 400;\">Todos los servicios del uso del software est\u00e1n protegidos por leyes de copyright y tratados internacionales de copyright, as\u00ed como otras leyes y tratados de car\u00e1cter intelectual. Todos los derechos de t\u00edtulo y de propiedad intelectual, en el contenido que se accede por medio del uso del WEBSITE, es propiedad de <\/span><b>MARTINO ABOGADOS <\/b><span style=\"font-weight: 400;\">o del respectivo due\u00f1o y tambi\u00e9n est\u00e1n protegidos por copyright y otras leyes de propiedad intelectual.<\/span><\/p><ol><li style=\"font-weight: 400;\" aria-level=\"1\"><b>PROTECCI\u00d3N DE DATOS PERSONALES y CONFIDENCIALIDAD<\/b><\/li><\/ol><p><span style=\"font-weight: 400;\">Los datos personales que nos facilite s\u00f3lo se usar\u00e1n para gestionar y ofrecerle un servicio \u00f3ptimo y de calidad. S\u00f3lo trataremos los datos personales que usted mismo nos facilite. Con la cesi\u00f3n de sus datos, usted nos autoriza a tratar sus datos con las finalidades indicadas.<\/span><\/p><p><b>MARTINO ABOGADOS <\/b><span style=\"font-weight: 400;\">garantiza la confidencialidad y seguridad de sus datos de car\u00e1cter personal cuando \u00e9stos son objeto de tratamiento en la medida que tiene implantadas las pol\u00edticas de tratamiento y medidas de seguridad a las que se refiere la Ley Org\u00e1nica 3\/2018, de 5 de diciembre, de Protecci\u00f3n de Datos Personales y garant\u00eda de los derechos digitales y que regula con detalle el Real Decreto 1720\/2007, de 21 de diciembre, ambas normativas aplicables en lo que no contradigan la legislaci\u00f3n vigente de la Uni\u00f3n Europea en materia de protecci\u00f3n de datos. Las pol\u00edticas de tratamiento y medidas de seguridad, implantadas en <\/span><b>MARTINO ABOGADOS, <\/b><span style=\"font-weight: 400;\">evitan la alteraci\u00f3n, p\u00e9rdida, tratamiento o uso no autorizado de sus datos de car\u00e1cter personal.<\/span><\/p><p><span style=\"font-weight: 400;\">Toda la informaci\u00f3n que facilite el usuario a trav\u00e9s de los formularios del WEBSITE deber\u00e1 ser veraz. Usted nos autoriza a que pasen a formar parte de un fichero del cual es responsable <\/span><b>MARTINO ABOGADOS, <\/b><span style=\"font-weight: 400;\">ante el cual podr\u00e1 ejercitar sus derechos, y a que sea utilizada para mantener la relaci\u00f3n comercial y recibir informaci\u00f3n y publicidad de nuestra empresa.<\/span><\/p><p><span style=\"font-weight: 400;\">A estos efectos, el usuario garantiza la autenticidad de todos aquellos datos que comunique como consecuencia de la cumplimentaci\u00f3n de los formularios. De igual forma, ser\u00e1 responsabilidad del usuario mantener toda la informaci\u00f3n facilitada a <\/span><b>MARTINO ABOGADOS <\/b><span style=\"font-weight: 400;\">permanentemente actualizada de forma que responda, en cada momento, a la situaci\u00f3n real del usuario. El usuario ser\u00e1 el \u00fanico responsable de las manifestaciones falsas o inexactas que realice y de los perjuicios que cause a <\/span><b>MARTINO ABOGADOS <\/b><span style=\"font-weight: 400;\">o a terceros por la informaci\u00f3n que facilite.<\/span><\/p><p><span style=\"font-weight: 400;\">Podr\u00e1 ejercer sus derechos de acceso, rectificaci\u00f3n, cancelaci\u00f3n y oposici\u00f3n dirigi\u00e9ndose a <\/span><b>MARTINO ABOGADOS<\/b><b>, <\/b><span style=\"font-weight: 400;\">enviando un email a marcosmartino@icab.cat, en los t\u00e9rminos y condiciones previstos en <\/span><span style=\"font-weight: 400;\">Ley Org\u00e1nica 3\/2018, de 5 de diciembre, de Protecci\u00f3n de Datos Personales y garant\u00eda de los derechos digitales<\/span><span style=\"font-weight: 400;\"> y en el Real Decreto 1720\/2007, de 21 de diciembre, ambas aplicables en lo que no contradigan la legislaci\u00f3n vigente de la Uni\u00f3n Europea en materia de protecci\u00f3n de datos.<\/span><\/p><ol><li style=\"font-weight: 400;\" aria-level=\"1\"><b>LIMITACIONES DE RESPONSABILIDAD<\/b><\/li><\/ol><p><b>MARTINO ABOGADOS <\/b><span style=\"font-weight: 400;\">no garantiza la disponibilidad y continuidad del funcionamiento de los servicios del WEBSITE. Cuando ello sea razonablemente posible, <\/span><b>MARTINO ABOGADOS <\/b><span style=\"font-weight: 400;\">advertir\u00e1 previamente de las interrupciones en el funcionamiento de los mismos. <\/span><b>MARTINO ABOGADOS<\/b><span style=\"font-weight: 400;\">tampoco garantiza la utilidad de los servicios del WEBSITE para la realizaci\u00f3n de ninguna actividad en concreto, ni su infalibilidad y, en particular, aunque no de modo exclusivo, no garantiza que los usuarios puedan efectivamente utilizar los mismos ni acceder a las distintas p\u00e1ginas web que forman el WEBSITE.<\/span><\/p><p><span style=\"font-weight: 400;\">Si usted se siente perjudicado por la difusi\u00f3n en nuestro WEBSITE de videos o im\u00e1genes, puede remitirnos un email a: marcosmartino@icab.cat y estudiaremos su reclamaci\u00f3n y la posibilidad de retirar el material de nuestro WEBSITE.<\/span><\/p><p><span style=\"font-weight: 400;\">Respecto a los enlaces externos: el WEBSITE puede contener enlaces a sitios web que no pertenecen, ni son controlados, editados o censurados por <\/span><b>MARTINO ABOGADOS. <\/b><span style=\"font-weight: 400;\">\u00a0Por lo tanto, no asumimos ninguna responsabilidad por el contenido, pol\u00edticas de privacidad o pr\u00e1cticas de estos sitios web externos. La existencia de dichos enlaces en la web no comporta, por parte de <\/span><b>MARTINO ABOGADOS<\/b><span style=\"font-weight: 400;\">, la aprobaci\u00f3n de los productos, servicios, contenidos, informaci\u00f3n, datos, archivos y cualquier otra clase de material existente en tales sitios web y no controla ni se hace responsable de la calidad, licitud, fiabilidad y utilidad de la informaci\u00f3n y\/o contenidos y servicios existentes en los sitios.<\/span><\/p><p><b>MARTINO ABOGADOS <\/b><span style=\"font-weight: 400;\">se guardar\u00e1 el derecho a cambiar, modificar o a\u00f1adir cl\u00e1usulas sin notificaci\u00f3n previa, siempre y cuando se hagan constar debidamente online en el presente documento.<\/span><\/p><ol><li style=\"font-weight: 400;\" aria-level=\"1\"><b>LEGISLACI\u00d3N APLICABLE<\/b> <b>Y JURISDICCI\u00d3N COMPETENTE<\/b><\/li><\/ol><p><span style=\"font-weight: 400;\">Los t\u00e9rminos y el uso del WEBSITE de <\/span><b>MARTINO ABOGADOS <\/b><span style=\"font-weight: 400;\">o cualquier servicio que ofrezca <\/span><b>MARTINO ABOGADOS<\/b><span style=\"font-weight: 400;\">, ser\u00e1n regidos e interpretados de acuerdo con las leyes espa\u00f1olas, y para cualquier controversia que se derive del uso de este servicio, las partes se someten expresamente a la Jurisdicci\u00f3n de los Tribunales de la ciudad de Barcelona (Espa\u00f1a).<\/span><\/p>\t\t\t\t\t\t\t\t<\/div>\n\t\t\t\t<\/div>\n\t\t\t\t\t<\/div>\n\t\t\t\t<\/div>\n\t\t\t\t<\/div>","protected":false},"excerpt":{"rendered":"<p>Aviso Legal INFORMACI\u00d3N GENERAL IDENTIFICACI\u00d3N WEBSITE En cumplimiento de lo dispuesto en el art\u00edculo 10 de la Ley 34\/2002, de 11 de julio, de Servicios de la Sociedad de la Informaci\u00f3n y Comercio Electr\u00f3nico (LSSICE), ponemos a su disposici\u00f3n la \u201cinformaci\u00f3n general\u201d, que comprende los datos identificativos de la entidad titular de este WEBSITE: Denominaci\u00f3n: [&hellip;]<\/p>\n","protected":false},"author":1,"featured_media":0,"parent":0,"menu_order":0,"comment_status":"closed","ping_status":"closed","template":"elementor_header_footer","meta":{"footnotes":""},"class_list":["post-658","page","type-page","status-publish","hentry"],"aioseo_notices":[],"_links":{"self":[{"href":"https:\/\/martinoabogados.com\/ca\/wp-json\/wp\/v2\/pages\/658","targetHints":{"allow":["GET"]}}],"collection":[{"href":"https:\/\/martinoabogados.com\/ca\/wp-json\/wp\/v2\/pages"}],"about":[{"href":"https:\/\/martinoabogados.com\/ca\/wp-json\/wp\/v2\/types\/page"}],"author":[{"embeddable":true,"href":"https:\/\/martinoabogados.com\/ca\/wp-json\/wp\/v2\/users\/1"}],"replies":[{"embeddable":true,"href":"https:\/\/martinoabogados.com\/ca\/wp-json\/wp\/v2\/comments?post=658"}],"version-history":[{"count":7,"href":"https:\/\/martinoabogados.com\/ca\/wp-json\/wp\/v2\/pages\/658\/revisions"}],"predecessor-version":[{"id":806,"href":"https:\/\/martinoabogados.com\/ca\/wp-json\/wp\/v2\/pages\/658\/revisions\/806"}],"wp:attachment":[{"href":"https:\/\/martinoabogados.com\/ca\/wp-json\/wp\/v2\/media?parent=658"}],"curies":[{"name":"wp","href":"https:\/\/api.w.org\/{rel}","templated":true}]}}