{"id":433,"date":"2024-09-26T22:18:56","date_gmt":"2024-09-26T22:18:56","guid":{"rendered":"https:\/\/martinoabogados.com\/?page_id=433"},"modified":"2024-10-10T11:34:24","modified_gmt":"2024-10-10T11:34:24","slug":"legalizacion-y-apostilla","status":"publish","type":"page","link":"https:\/\/martinoabogados.com\/ca\/legalizacion-y-apostilla\/","title":{"rendered":"legalizacion y Apostilla"},"content":{"rendered":"<div data-elementor-type=\"wp-page\" data-elementor-id=\"433\" class=\"elementor elementor-433\" data-elementor-post-type=\"page\">\n\t\t\t\t<div class=\"elementor-element elementor-element-78a7576 e-flex e-con-boxed e-con e-parent\" data-id=\"78a7576\" data-element_type=\"container\" data-e-type=\"container\">\n\t\t\t\t\t<div class=\"e-con-inner\">\n\t\t<div class=\"elementor-element elementor-element-ccb7bf8 e-con-full e-flex e-con e-child\" data-id=\"ccb7bf8\" data-element_type=\"container\" data-e-type=\"container\">\n\t\t\t\t<div class=\"elementor-element elementor-element-89a1dc7 elementor-widget__width-initial elementor-absolute elementor-widget elementor-widget-spacer\" data-id=\"89a1dc7\" data-element_type=\"widget\" data-e-type=\"widget\" data-settings=\"{&quot;_position&quot;:&quot;absolute&quot;}\" data-widget_type=\"spacer.default\">\n\t\t\t\t<div class=\"elementor-widget-container\">\n\t\t\t\t\t\t\t<div class=\"elementor-spacer\">\n\t\t\t<div class=\"elementor-spacer-inner\"><\/div>\n\t\t<\/div>\n\t\t\t\t\t\t<\/div>\n\t\t\t\t<\/div>\n\t\t\t\t<div class=\"elementor-element elementor-element-b658523 elementor-widget elementor-widget-heading\" data-id=\"b658523\" data-element_type=\"widget\" data-e-type=\"widget\" data-widget_type=\"heading.default\">\n\t\t\t\t<div class=\"elementor-widget-container\">\n\t\t\t\t\t<h1 class=\"elementor-heading-title elementor-size-default\">Legalizaci\u00f3n y apostilla de documentos acad\u00e9micos<\/h1>\t\t\t\t<\/div>\n\t\t\t\t<\/div>\n\t\t\t\t<div class=\"elementor-element elementor-element-39b4b35 elementor-widget elementor-widget-text-editor\" data-id=\"39b4b35\" data-element_type=\"widget\" data-e-type=\"widget\" data-widget_type=\"text-editor.default\">\n\t\t\t\t<div class=\"elementor-widget-container\">\n\t\t\t\t\t\t\t\t\t<p><span style=\"font-weight: 400;\">Para que tus documentos acad\u00e9micos emitidos en Espa\u00f1a tengan validez internacional, es imprescindible legalizarlos y apostillarlos. <\/span><\/p>\t\t\t\t\t\t\t\t<\/div>\n\t\t\t\t<\/div>\n\t\t\t\t<\/div>\n\t\t<div class=\"elementor-element elementor-element-8c98660 e-con-full e-flex e-con e-child\" data-id=\"8c98660\" data-element_type=\"container\" data-e-type=\"container\" data-settings=\"{&quot;background_background&quot;:&quot;classic&quot;}\">\n\t\t\t\t<\/div>\n\t\t\t\t\t<\/div>\n\t\t\t\t<\/div>\n\t\t<div class=\"elementor-element elementor-element-61f9eab e-flex e-con-boxed e-con e-parent\" data-id=\"61f9eab\" data-element_type=\"container\" data-e-type=\"container\">\n\t\t\t\t\t<div class=\"e-con-inner\">\n\t\t<div class=\"elementor-element elementor-element-96b7808 e-con-full e-flex e-con e-child\" data-id=\"96b7808\" data-element_type=\"container\" data-e-type=\"container\">\n\t\t\t\t<div class=\"elementor-element elementor-element-fe1f1c1 elementor-widget elementor-widget-image\" data-id=\"fe1f1c1\" data-element_type=\"widget\" data-e-type=\"widget\" data-widget_type=\"image.default\">\n\t\t\t\t<div class=\"elementor-widget-container\">\n\t\t\t\t\t\t\t\t\t\t\t\t\t\t\t<img fetchpriority=\"high\" decoding=\"async\" width=\"2560\" height=\"1696\" src=\"https:\/\/martinoabogados.com\/wp-content\/uploads\/2024\/09\/tramites_administartivos_marcos_martino-scaled.jpg\" class=\"attachment-full size-full wp-image-424\" alt=\"\" srcset=\"https:\/\/martinoabogados.com\/wp-content\/uploads\/2024\/09\/tramites_administartivos_marcos_martino-scaled.jpg 2560w, https:\/\/martinoabogados.com\/wp-content\/uploads\/2024\/09\/tramites_administartivos_marcos_martino-300x199.jpg 300w, https:\/\/martinoabogados.com\/wp-content\/uploads\/2024\/09\/tramites_administartivos_marcos_martino-1024x678.jpg 1024w, https:\/\/martinoabogados.com\/wp-content\/uploads\/2024\/09\/tramites_administartivos_marcos_martino-768x509.jpg 768w, https:\/\/martinoabogados.com\/wp-content\/uploads\/2024\/09\/tramites_administartivos_marcos_martino-1536x1017.jpg 1536w, https:\/\/martinoabogados.com\/wp-content\/uploads\/2024\/09\/tramites_administartivos_marcos_martino-2048x1356.jpg 2048w\" sizes=\"(max-width: 2560px) 100vw, 2560px\" \/>\t\t\t\t\t\t\t\t\t\t\t\t\t\t\t<\/div>\n\t\t\t\t<\/div>\n\t\t\t\t<\/div>\n\t\t<div class=\"elementor-element elementor-element-90b0f1f e-con-full e-flex e-con e-child\" data-id=\"90b0f1f\" data-element_type=\"container\" data-e-type=\"container\">\n\t\t\t\t<div class=\"elementor-element elementor-element-4141f45 elementor-widget elementor-widget-text-editor\" data-id=\"4141f45\" data-element_type=\"widget\" data-e-type=\"widget\" data-widget_type=\"text-editor.default\">\n\t\t\t\t<div class=\"elementor-widget-container\">\n\t\t\t\t\t\t\t\t\t<p><span style=\"font-weight: 400;\">Este tr\u00e1mite se aplica a t\u00edtulos y certificados de estudios, y debe realizarse de forma notarial en la ciudad donde fueron emitidos.\u00a0<\/span><\/p><p><span style=\"font-weight: 400;\">Nos encargamos de gestionar este proceso para que puedas centrarte en lo importante.<\/span><\/p>\t\t\t\t\t\t\t\t<\/div>\n\t\t\t\t<\/div>\n\t\t\t\t<div class=\"elementor-element elementor-element-4ed4a1b elementor-align-left elementor-invisible elementor-widget elementor-widget-button\" data-id=\"4ed4a1b\" data-element_type=\"widget\" data-e-type=\"widget\" data-settings=\"{&quot;_animation&quot;:&quot;fadeInDown&quot;}\" data-widget_type=\"button.default\">\n\t\t\t\t<div class=\"elementor-widget-container\">\n\t\t\t\t\t\t\t\t\t<div class=\"elementor-button-wrapper\">\n\t\t\t\t\t<a class=\"elementor-button elementor-button-link elementor-size-md\" href=\"http:\/\/wa.me\/34623362261\" target=\"_blank\" rel=\"nofollow\">\n\t\t\t\t\t\t<span class=\"elementor-button-content-wrapper\">\n\t\t\t\t\t\t\t\t\t<span class=\"elementor-button-text\">Solicita tu consulta<\/span>\n\t\t\t\t\t<\/span>\n\t\t\t\t\t<\/a>\n\t\t\t\t<\/div>\n\t\t\t\t\t\t\t\t<\/div>\n\t\t\t\t<\/div>\n\t\t\t\t<\/div>\n\t\t\t\t\t<\/div>\n\t\t\t\t<\/div>\n\t\t\t\t<\/div>","protected":false},"excerpt":{"rendered":"<p>Legalizaci\u00f3n y apostilla de documentos acad\u00e9micos Para que tus documentos acad\u00e9micos emitidos en Espa\u00f1a tengan validez internacional, es imprescindible legalizarlos y apostillarlos. Este tr\u00e1mite se aplica a t\u00edtulos y certificados de estudios, y debe realizarse de forma notarial en la ciudad donde fueron emitidos.\u00a0 Nos encargamos de gestionar este proceso para que puedas centrarte en [&hellip;]<\/p>\n","protected":false},"author":1,"featured_media":0,"parent":0,"menu_order":0,"comment_status":"closed","ping_status":"closed","template":"elementor_header_footer","meta":{"footnotes":""},"class_list":["post-433","page","type-page","status-publish","hentry"],"aioseo_notices":[],"_links":{"self":[{"href":"https:\/\/martinoabogados.com\/ca\/wp-json\/wp\/v2\/pages\/433","targetHints":{"allow":["GET"]}}],"collection":[{"href":"https:\/\/martinoabogados.com\/ca\/wp-json\/wp\/v2\/pages"}],"about":[{"href":"https:\/\/martinoabogados.com\/ca\/wp-json\/wp\/v2\/types\/page"}],"author":[{"embeddable":true,"href":"https:\/\/martinoabogados.com\/ca\/wp-json\/wp\/v2\/users\/1"}],"replies":[{"embeddable":true,"href":"https:\/\/martinoabogados.com\/ca\/wp-json\/wp\/v2\/comments?post=433"}],"version-history":[{"count":31,"href":"https:\/\/martinoabogados.com\/ca\/wp-json\/wp\/v2\/pages\/433\/revisions"}],"predecessor-version":[{"id":816,"href":"https:\/\/martinoabogados.com\/ca\/wp-json\/wp\/v2\/pages\/433\/revisions\/816"}],"wp:attachment":[{"href":"https:\/\/martinoabogados.com\/ca\/wp-json\/wp\/v2\/media?parent=433"}],"curies":[{"name":"wp","href":"https:\/\/api.w.org\/{rel}","templated":true}]}}