{"id":361,"date":"2024-09-25T23:29:44","date_gmt":"2024-09-25T23:29:44","guid":{"rendered":"https:\/\/martinoabogados.com\/?page_id=361"},"modified":"2024-10-07T18:52:53","modified_gmt":"2024-10-07T18:52:53","slug":"derecho-de-extranjeria","status":"publish","type":"page","link":"https:\/\/martinoabogados.com\/ca\/derecho-de-extranjeria\/","title":{"rendered":"Derecho de Extranjer\u00eda"},"content":{"rendered":"<div data-elementor-type=\"wp-page\" data-elementor-id=\"361\" class=\"elementor elementor-361\" data-elementor-post-type=\"page\">\n\t\t\t\t<div class=\"elementor-element elementor-element-e1df52e e-flex e-con-boxed e-con e-parent\" data-id=\"e1df52e\" data-element_type=\"container\" data-e-type=\"container\">\n\t\t\t\t\t<div class=\"e-con-inner\">\n\t\t<div class=\"elementor-element elementor-element-43a6027 e-con-full e-flex e-con e-child\" data-id=\"43a6027\" data-element_type=\"container\" data-e-type=\"container\">\n\t\t\t\t<div class=\"elementor-element elementor-element-6242338 elementor-widget__width-initial elementor-absolute elementor-widget elementor-widget-spacer\" data-id=\"6242338\" data-element_type=\"widget\" data-e-type=\"widget\" data-settings=\"{&quot;_position&quot;:&quot;absolute&quot;}\" data-widget_type=\"spacer.default\">\n\t\t\t\t<div class=\"elementor-widget-container\">\n\t\t\t\t\t\t\t<div class=\"elementor-spacer\">\n\t\t\t<div class=\"elementor-spacer-inner\"><\/div>\n\t\t<\/div>\n\t\t\t\t\t\t<\/div>\n\t\t\t\t<\/div>\n\t\t\t\t<div class=\"elementor-element elementor-element-d42f769 elementor-widget elementor-widget-heading\" data-id=\"d42f769\" data-element_type=\"widget\" data-e-type=\"widget\" data-widget_type=\"heading.default\">\n\t\t\t\t<div class=\"elementor-widget-container\">\n\t\t\t\t\t<h1 class=\"elementor-heading-title elementor-size-default\">Derecho de extranjer\u00eda<\/h1>\t\t\t\t<\/div>\n\t\t\t\t<\/div>\n\t\t\t\t<div class=\"elementor-element elementor-element-cd47e3c elementor-widget elementor-widget-text-editor\" data-id=\"cd47e3c\" data-element_type=\"widget\" data-e-type=\"widget\" data-widget_type=\"text-editor.default\">\n\t\t\t\t<div class=\"elementor-widget-container\">\n\t\t\t\t\t\t\t\t\t<p><span style=\"font-weight: 400;\">El proc\u00e9s d'establir-se en un nou pa\u00eds pot ser desafiador, especialment en enfrontar-se a la burocr\u00e0cia i les lleis migrat\u00f2ries espanyoles. El nostre objectiu \u00e9s guiar-te a cada pas i assegurar que el teu cas d'estrangeria avanci de forma eficient i favorable.<\/span><\/p>\t\t\t\t\t\t\t\t<\/div>\n\t\t\t\t<\/div>\n\t\t\t\t<\/div>\n\t\t<div class=\"elementor-element elementor-element-512c189 e-con-full e-flex e-con e-child\" data-id=\"512c189\" data-element_type=\"container\" data-e-type=\"container\" data-settings=\"{&quot;background_background&quot;:&quot;classic&quot;}\">\n\t\t\t\t<\/div>\n\t\t\t\t\t<\/div>\n\t\t\t\t<\/div>\n\t\t<div class=\"elementor-element elementor-element-8c44299 e-flex e-con-boxed e-con e-parent\" data-id=\"8c44299\" data-element_type=\"container\" data-e-type=\"container\">\n\t\t\t\t\t<div class=\"e-con-inner\">\n\t\t<div class=\"elementor-element elementor-element-6d1867e e-con-full e-flex e-con e-child\" data-id=\"6d1867e\" data-element_type=\"container\" data-e-type=\"container\">\n\t\t\t\t<div class=\"elementor-element elementor-element-a980909 elementor-widget elementor-widget-image\" data-id=\"a980909\" data-element_type=\"widget\" data-e-type=\"widget\" data-widget_type=\"image.default\">\n\t\t\t\t<div class=\"elementor-widget-container\">\n\t\t\t\t\t\t\t\t\t\t\t\t\t\t\t<img fetchpriority=\"high\" decoding=\"async\" width=\"2560\" height=\"1562\" src=\"https:\/\/martinoabogados.com\/wp-content\/uploads\/2024\/09\/extranjeria_martino_abogados-scaled.jpg\" class=\"attachment-full size-full wp-image-429\" alt=\"\" srcset=\"https:\/\/martinoabogados.com\/wp-content\/uploads\/2024\/09\/extranjeria_martino_abogados-scaled.jpg 2560w, https:\/\/martinoabogados.com\/wp-content\/uploads\/2024\/09\/extranjeria_martino_abogados-300x183.jpg 300w, https:\/\/martinoabogados.com\/wp-content\/uploads\/2024\/09\/extranjeria_martino_abogados-1024x625.jpg 1024w, https:\/\/martinoabogados.com\/wp-content\/uploads\/2024\/09\/extranjeria_martino_abogados-768x468.jpg 768w, https:\/\/martinoabogados.com\/wp-content\/uploads\/2024\/09\/extranjeria_martino_abogados-1536x937.jpg 1536w, https:\/\/martinoabogados.com\/wp-content\/uploads\/2024\/09\/extranjeria_martino_abogados-2048x1249.jpg 2048w\" sizes=\"(max-width: 2560px) 100vw, 2560px\" \/>\t\t\t\t\t\t\t\t\t\t\t\t\t\t\t<\/div>\n\t\t\t\t<\/div>\n\t\t\t\t<\/div>\n\t\t<div class=\"elementor-element elementor-element-7ce2b57 e-con-full e-flex e-con e-child\" data-id=\"7ce2b57\" data-element_type=\"container\" data-e-type=\"container\">\n\t\t\t\t<div class=\"elementor-element elementor-element-cbd6e6c elementor-widget elementor-widget-text-editor\" data-id=\"cbd6e6c\" data-element_type=\"widget\" data-e-type=\"widget\" data-widget_type=\"text-editor.default\">\n\t\t\t\t<div class=\"elementor-widget-container\">\n\t\t\t\t\t\t\t\t\t<p><span style=\"font-weight: 400;\">Entre nuestros servicios en Derecho de extranjer\u00eda se incluyen:<\/span><\/p><ul><li style=\"font-weight: 400;\" aria-level=\"1\"><span style=\"font-weight: 400;\">Autorizaciones de residencia por arraigo (social, familiar, laboral), razones humanitarias o colaboraci\u00f3n con autoridades.<\/span><\/li><li style=\"font-weight: 400;\" aria-level=\"1\"><span style=\"font-weight: 400;\">Autorizaciones de estancia por estudios.<\/span><\/li><li style=\"font-weight: 400;\" aria-level=\"1\"><span style=\"font-weight: 400;\">Procedimientos sancionadores y de expulsi\u00f3n.<\/span><\/li><li style=\"font-weight: 400;\" aria-level=\"1\"><span style=\"font-weight: 400;\">Solicitud de nacionalidad espa\u00f1ola.<\/span><\/li><li style=\"font-weight: 400;\" aria-level=\"1\"><span style=\"font-weight: 400;\">Solicitudes de asilo y protecci\u00f3n internacional.<\/span><\/li><li style=\"font-weight: 400;\" aria-level=\"1\"><span style=\"font-weight: 400;\">Matrimonios mixtos y parejas de hecho.<\/span><\/li><li style=\"font-weight: 400;\" aria-level=\"1\"><span style=\"font-weight: 400;\">Reagrupaci\u00f3n familiar.<\/span><\/li><li style=\"font-weight: 400;\" aria-level=\"1\"><span style=\"font-weight: 400;\">Tarjeta comunitaria.<\/span><\/li><li style=\"font-weight: 400;\" aria-level=\"1\"><span style=\"font-weight: 400;\">Autorizaciones de trabajo.<\/span><\/li><li style=\"font-weight: 400;\" aria-level=\"1\"><span style=\"font-weight: 400;\">Modificaciones y renovaciones de permisos.<\/span><\/li><li style=\"font-weight: 400;\" aria-level=\"1\"><span style=\"font-weight: 400;\">Recursos administrativos y contencioso-administrativos.<\/span><\/li><\/ul>\t\t\t\t\t\t\t\t<\/div>\n\t\t\t\t<\/div>\n\t\t\t\t<div class=\"elementor-element elementor-element-cc8dbea elementor-align-left elementor-invisible elementor-widget elementor-widget-button\" data-id=\"cc8dbea\" data-element_type=\"widget\" data-e-type=\"widget\" data-settings=\"{&quot;_animation&quot;:&quot;fadeInDown&quot;}\" data-widget_type=\"button.default\">\n\t\t\t\t<div class=\"elementor-widget-container\">\n\t\t\t\t\t\t\t\t\t<div class=\"elementor-button-wrapper\">\n\t\t\t\t\t<a class=\"elementor-button elementor-button-link elementor-size-md\" href=\"http:\/\/wa.me\/34623362261\" target=\"_blank\" rel=\"nofollow\">\n\t\t\t\t\t\t<span class=\"elementor-button-content-wrapper\">\n\t\t\t\t\t\t\t\t\t<span class=\"elementor-button-text\">Comienza tu tr\u00e1mite<\/span>\n\t\t\t\t\t<\/span>\n\t\t\t\t\t<\/a>\n\t\t\t\t<\/div>\n\t\t\t\t\t\t\t\t<\/div>\n\t\t\t\t<\/div>\n\t\t\t\t<\/div>\n\t\t\t\t\t<\/div>\n\t\t\t\t<\/div>\n\t\t\t\t<\/div>","protected":false},"excerpt":{"rendered":"<p>Derecho de extranjer\u00eda El proceso de establecerse en un nuevo pa\u00eds puede ser desafiante, especialmente al enfrentarse a la burocracia y las leyes migratorias espa\u00f1olas. Nuestro objetivo es guiarte en cada paso y asegurar que tu caso de extranjer\u00eda avance de forma eficiente y favorable. Entre nuestros servicios en Derecho de extranjer\u00eda se incluyen: Autorizaciones [&hellip;]<\/p>\n","protected":false},"author":1,"featured_media":0,"parent":0,"menu_order":0,"comment_status":"closed","ping_status":"closed","template":"elementor_header_footer","meta":{"footnotes":""},"class_list":["post-361","page","type-page","status-publish","hentry"],"aioseo_notices":[],"_links":{"self":[{"href":"https:\/\/martinoabogados.com\/ca\/wp-json\/wp\/v2\/pages\/361","targetHints":{"allow":["GET"]}}],"collection":[{"href":"https:\/\/martinoabogados.com\/ca\/wp-json\/wp\/v2\/pages"}],"about":[{"href":"https:\/\/martinoabogados.com\/ca\/wp-json\/wp\/v2\/types\/page"}],"author":[{"embeddable":true,"href":"https:\/\/martinoabogados.com\/ca\/wp-json\/wp\/v2\/users\/1"}],"replies":[{"embeddable":true,"href":"https:\/\/martinoabogados.com\/ca\/wp-json\/wp\/v2\/comments?post=361"}],"version-history":[{"count":25,"href":"https:\/\/martinoabogados.com\/ca\/wp-json\/wp\/v2\/pages\/361\/revisions"}],"predecessor-version":[{"id":698,"href":"https:\/\/martinoabogados.com\/ca\/wp-json\/wp\/v2\/pages\/361\/revisions\/698"}],"wp:attachment":[{"href":"https:\/\/martinoabogados.com\/ca\/wp-json\/wp\/v2\/media?parent=361"}],"curies":[{"name":"wp","href":"https:\/\/api.w.org\/{rel}","templated":true}]}}