{"id":356,"date":"2024-09-25T23:09:28","date_gmt":"2024-09-25T23:09:28","guid":{"rendered":"https:\/\/martinoabogados.com\/?page_id=356"},"modified":"2024-10-07T18:50:16","modified_gmt":"2024-10-07T18:50:16","slug":"derecho-administrativo","status":"publish","type":"page","link":"https:\/\/martinoabogados.com\/ca\/derecho-administrativo\/","title":{"rendered":"Derecho Administrativo"},"content":{"rendered":"<div data-elementor-type=\"wp-page\" data-elementor-id=\"356\" class=\"elementor elementor-356\" data-elementor-post-type=\"page\">\n\t\t\t\t<div class=\"elementor-element elementor-element-1f4fffe e-flex e-con-boxed e-con e-parent\" data-id=\"1f4fffe\" data-element_type=\"container\" data-e-type=\"container\">\n\t\t\t\t\t<div class=\"e-con-inner\">\n\t\t<div class=\"elementor-element elementor-element-4f28548 e-con-full e-flex e-con e-child\" data-id=\"4f28548\" data-element_type=\"container\" data-e-type=\"container\">\n\t\t\t\t<div class=\"elementor-element elementor-element-856569a elementor-widget__width-initial elementor-absolute elementor-widget elementor-widget-spacer\" data-id=\"856569a\" data-element_type=\"widget\" data-e-type=\"widget\" data-settings=\"{&quot;_position&quot;:&quot;absolute&quot;}\" data-widget_type=\"spacer.default\">\n\t\t\t\t<div class=\"elementor-widget-container\">\n\t\t\t\t\t\t\t<div class=\"elementor-spacer\">\n\t\t\t<div class=\"elementor-spacer-inner\"><\/div>\n\t\t<\/div>\n\t\t\t\t\t\t<\/div>\n\t\t\t\t<\/div>\n\t\t\t\t<div class=\"elementor-element elementor-element-7fa6a6a elementor-widget elementor-widget-heading\" data-id=\"7fa6a6a\" data-element_type=\"widget\" data-e-type=\"widget\" data-widget_type=\"heading.default\">\n\t\t\t\t<div class=\"elementor-widget-container\">\n\t\t\t\t\t<h1 class=\"elementor-heading-title elementor-size-default\">Derecho administrativo<\/h1>\t\t\t\t<\/div>\n\t\t\t\t<\/div>\n\t\t\t\t<div class=\"elementor-element elementor-element-c1edd82 elementor-widget elementor-widget-text-editor\" data-id=\"c1edd82\" data-element_type=\"widget\" data-e-type=\"widget\" data-widget_type=\"text-editor.default\">\n\t\t\t\t<div class=\"elementor-widget-container\">\n\t\t\t\t\t\t\t\t\t<p><span style=\"font-weight: 400;\">El Derecho Administrativo regula las relaciones entre los ciudadanos y las Administraciones P\u00fablicas, abarcando \u00e1reas como contratos p\u00fablicos, sanciones, expropiaciones y licencias. En nuestro despacho, ofrecemos asesor\u00eda experta para ayudarte a enfrentar procedimientos administrativos de cualquier nivel, estatal, auton\u00f3mico o municipal.<\/span><\/p>\t\t\t\t\t\t\t\t<\/div>\n\t\t\t\t<\/div>\n\t\t\t\t<\/div>\n\t\t<div class=\"elementor-element elementor-element-0466f17 e-con-full e-flex e-con e-child\" data-id=\"0466f17\" data-element_type=\"container\" data-e-type=\"container\" data-settings=\"{&quot;background_background&quot;:&quot;classic&quot;}\">\n\t\t\t\t<\/div>\n\t\t\t\t\t<\/div>\n\t\t\t\t<\/div>\n\t\t<div class=\"elementor-element elementor-element-e81d639 e-flex e-con-boxed e-con e-parent\" data-id=\"e81d639\" data-element_type=\"container\" data-e-type=\"container\">\n\t\t\t\t\t<div class=\"e-con-inner\">\n\t\t<div class=\"elementor-element elementor-element-373537f e-con-full e-flex e-con e-child\" data-id=\"373537f\" data-element_type=\"container\" data-e-type=\"container\">\n\t\t\t\t<div class=\"elementor-element elementor-element-f568125 elementor-widget elementor-widget-image\" data-id=\"f568125\" data-element_type=\"widget\" data-e-type=\"widget\" data-widget_type=\"image.default\">\n\t\t\t\t<div class=\"elementor-widget-container\">\n\t\t\t\t\t\t\t\t\t\t\t\t\t\t\t<img fetchpriority=\"high\" decoding=\"async\" width=\"2560\" height=\"1696\" src=\"https:\/\/martinoabogados.com\/wp-content\/uploads\/2024\/09\/tramites_administartivos_marcos_martino-scaled.jpg\" class=\"attachment-full size-full wp-image-424\" alt=\"\" srcset=\"https:\/\/martinoabogados.com\/wp-content\/uploads\/2024\/09\/tramites_administartivos_marcos_martino-scaled.jpg 2560w, https:\/\/martinoabogados.com\/wp-content\/uploads\/2024\/09\/tramites_administartivos_marcos_martino-300x199.jpg 300w, https:\/\/martinoabogados.com\/wp-content\/uploads\/2024\/09\/tramites_administartivos_marcos_martino-1024x678.jpg 1024w, https:\/\/martinoabogados.com\/wp-content\/uploads\/2024\/09\/tramites_administartivos_marcos_martino-768x509.jpg 768w, https:\/\/martinoabogados.com\/wp-content\/uploads\/2024\/09\/tramites_administartivos_marcos_martino-1536x1017.jpg 1536w, https:\/\/martinoabogados.com\/wp-content\/uploads\/2024\/09\/tramites_administartivos_marcos_martino-2048x1356.jpg 2048w\" sizes=\"(max-width: 2560px) 100vw, 2560px\" \/>\t\t\t\t\t\t\t\t\t\t\t\t\t\t\t<\/div>\n\t\t\t\t<\/div>\n\t\t\t\t<\/div>\n\t\t<div class=\"elementor-element elementor-element-87edbc8 e-con-full e-flex e-con e-child\" data-id=\"87edbc8\" data-element_type=\"container\" data-e-type=\"container\">\n\t\t\t\t<div class=\"elementor-element elementor-element-4d93d1f elementor-widget elementor-widget-text-editor\" data-id=\"4d93d1f\" data-element_type=\"widget\" data-e-type=\"widget\" data-widget_type=\"text-editor.default\">\n\t\t\t\t<div class=\"elementor-widget-container\">\n\t\t\t\t\t\t\t\t\t<p>E<span style=\"font-weight: 400;\">ntre nuestros servicios destacan:<\/span><\/p><ul><li style=\"font-weight: 400;\" aria-level=\"1\"><span style=\"font-weight: 400;\">Contratos p\u00fablicos y licitaciones.<\/span><\/li><li style=\"font-weight: 400;\" aria-level=\"1\"><span style=\"font-weight: 400;\">Expropiaciones forzosas.<\/span><\/li><li style=\"font-weight: 400;\" aria-level=\"1\"><span style=\"font-weight: 400;\">Expedientes sancionadores y de disciplina urban\u00edstica.<\/span><\/li><li style=\"font-weight: 400;\" aria-level=\"1\"><span style=\"font-weight: 400;\">Responsabilidad patrimonial de las Administraciones.<\/span><\/li><li style=\"font-weight: 400;\" aria-level=\"1\"><span style=\"font-weight: 400;\">Licencias de actividad.<\/span><\/li><li style=\"font-weight: 400;\" aria-level=\"1\"><span style=\"font-weight: 400;\">Recursos administrativos y contencioso-administrativos.<\/span><\/li><\/ul>\t\t\t\t\t\t\t\t<\/div>\n\t\t\t\t<\/div>\n\t\t\t\t<div class=\"elementor-element elementor-element-55a1f33 elementor-align-left elementor-invisible elementor-widget elementor-widget-button\" data-id=\"55a1f33\" data-element_type=\"widget\" data-e-type=\"widget\" data-settings=\"{&quot;_animation&quot;:&quot;fadeInDown&quot;}\" data-widget_type=\"button.default\">\n\t\t\t\t<div class=\"elementor-widget-container\">\n\t\t\t\t\t\t\t\t\t<div class=\"elementor-button-wrapper\">\n\t\t\t\t\t<a class=\"elementor-button elementor-button-link elementor-size-md\" href=\"http:\/\/wa.me\/34623362261\" target=\"_blank\" rel=\"nofollow\">\n\t\t\t\t\t\t<span class=\"elementor-button-content-wrapper\">\n\t\t\t\t\t\t\t\t\t<span class=\"elementor-button-text\">Agenda tu consulta<\/span>\n\t\t\t\t\t<\/span>\n\t\t\t\t\t<\/a>\n\t\t\t\t<\/div>\n\t\t\t\t\t\t\t\t<\/div>\n\t\t\t\t<\/div>\n\t\t\t\t<\/div>\n\t\t\t\t\t<\/div>\n\t\t\t\t<\/div>\n\t\t\t\t<\/div>","protected":false},"excerpt":{"rendered":"<p>Derecho administrativo El Derecho Administrativo regula las relaciones entre los ciudadanos y las Administraciones P\u00fablicas, abarcando \u00e1reas como contratos p\u00fablicos, sanciones, expropiaciones y licencias. En nuestro despacho, ofrecemos asesor\u00eda experta para ayudarte a enfrentar procedimientos administrativos de cualquier nivel, estatal, auton\u00f3mico o municipal. Entre nuestros servicios destacan: Contratos p\u00fablicos y licitaciones. Expropiaciones forzosas. Expedientes sancionadores [&hellip;]<\/p>\n","protected":false},"author":1,"featured_media":0,"parent":0,"menu_order":0,"comment_status":"closed","ping_status":"closed","template":"elementor_header_footer","meta":{"footnotes":""},"class_list":["post-356","page","type-page","status-publish","hentry"],"aioseo_notices":[],"_links":{"self":[{"href":"https:\/\/martinoabogados.com\/ca\/wp-json\/wp\/v2\/pages\/356","targetHints":{"allow":["GET"]}}],"collection":[{"href":"https:\/\/martinoabogados.com\/ca\/wp-json\/wp\/v2\/pages"}],"about":[{"href":"https:\/\/martinoabogados.com\/ca\/wp-json\/wp\/v2\/types\/page"}],"author":[{"embeddable":true,"href":"https:\/\/martinoabogados.com\/ca\/wp-json\/wp\/v2\/users\/1"}],"replies":[{"embeddable":true,"href":"https:\/\/martinoabogados.com\/ca\/wp-json\/wp\/v2\/comments?post=356"}],"version-history":[{"count":31,"href":"https:\/\/martinoabogados.com\/ca\/wp-json\/wp\/v2\/pages\/356\/revisions"}],"predecessor-version":[{"id":686,"href":"https:\/\/martinoabogados.com\/ca\/wp-json\/wp\/v2\/pages\/356\/revisions\/686"}],"wp:attachment":[{"href":"https:\/\/martinoabogados.com\/ca\/wp-json\/wp\/v2\/media?parent=356"}],"curies":[{"name":"wp","href":"https:\/\/api.w.org\/{rel}","templated":true}]}}