{"id":346,"date":"2024-09-25T22:56:03","date_gmt":"2024-09-25T22:56:03","guid":{"rendered":"https:\/\/martinoabogados.com\/?page_id=346"},"modified":"2024-10-07T18:51:58","modified_gmt":"2024-10-07T18:51:58","slug":"derecho-civil","status":"publish","type":"page","link":"https:\/\/martinoabogados.com\/ca\/derecho-civil\/","title":{"rendered":"Derecho civil"},"content":{"rendered":"<div data-elementor-type=\"wp-page\" data-elementor-id=\"346\" class=\"elementor elementor-346\" data-elementor-post-type=\"page\">\n\t\t\t\t<div class=\"elementor-element elementor-element-8ea295b e-flex e-con-boxed e-con e-parent\" data-id=\"8ea295b\" data-element_type=\"container\" data-e-type=\"container\">\n\t\t\t\t\t<div class=\"e-con-inner\">\n\t\t<div class=\"elementor-element elementor-element-314548a e-con-full e-flex e-con e-child\" data-id=\"314548a\" data-element_type=\"container\" data-e-type=\"container\">\n\t\t\t\t<div class=\"elementor-element elementor-element-b1f96e1 elementor-widget__width-initial elementor-absolute elementor-widget elementor-widget-spacer\" data-id=\"b1f96e1\" data-element_type=\"widget\" data-e-type=\"widget\" data-settings=\"{&quot;_position&quot;:&quot;absolute&quot;}\" data-widget_type=\"spacer.default\">\n\t\t\t\t<div class=\"elementor-widget-container\">\n\t\t\t\t\t\t\t<div class=\"elementor-spacer\">\n\t\t\t<div class=\"elementor-spacer-inner\"><\/div>\n\t\t<\/div>\n\t\t\t\t\t\t<\/div>\n\t\t\t\t<\/div>\n\t\t\t\t<div class=\"elementor-element elementor-element-8f43dd3 elementor-widget elementor-widget-heading\" data-id=\"8f43dd3\" data-element_type=\"widget\" data-e-type=\"widget\" data-widget_type=\"heading.default\">\n\t\t\t\t<div class=\"elementor-widget-container\">\n\t\t\t\t\t<h1 class=\"elementor-heading-title elementor-size-default\">Derecho civil<\/h1>\t\t\t\t<\/div>\n\t\t\t\t<\/div>\n\t\t\t\t<div class=\"elementor-element elementor-element-6f769a8 elementor-widget elementor-widget-text-editor\" data-id=\"6f769a8\" data-element_type=\"widget\" data-e-type=\"widget\" data-widget_type=\"text-editor.default\">\n\t\t\t\t<div class=\"elementor-widget-container\">\n\t\t\t\t\t\t\t\t\t<p><span style=\"font-weight: 400;\">El Derecho Civil, tambi\u00e9n conocido como \u00abderecho com\u00fan\u00bb, regula las relaciones entre personas y\/o entidades sin la intervenci\u00f3n del Estado. Estas relaciones pueden ser tanto p\u00fablicas como privadas, voluntarias o forzosas, y abarcan aspectos patrimoniales y personales.<\/span><\/p><p><span style=\"font-weight: 400;\">Se aplica a todas aquellas \u00e1reas del derecho privado que no est\u00e1n reguladas espec\u00edficamente por otras normativas. Entre sus \u00e1mbitos principales est\u00e1n los derechos de las personas, los bienes y su posesi\u00f3n, las herencias, las relaciones familiares y la responsabilidad civil.<\/span><\/p>\t\t\t\t\t\t\t\t<\/div>\n\t\t\t\t<\/div>\n\t\t\t\t<\/div>\n\t\t<div class=\"elementor-element elementor-element-fda9203 e-con-full e-flex e-con e-child\" data-id=\"fda9203\" data-element_type=\"container\" data-e-type=\"container\" data-settings=\"{&quot;background_background&quot;:&quot;classic&quot;}\">\n\t\t\t\t<\/div>\n\t\t\t\t\t<\/div>\n\t\t\t\t<\/div>\n\t\t<div class=\"elementor-element elementor-element-d1cab39 e-flex e-con-boxed e-con e-parent\" data-id=\"d1cab39\" data-element_type=\"container\" data-e-type=\"container\">\n\t\t\t\t\t<div class=\"e-con-inner\">\n\t\t<div class=\"elementor-element elementor-element-3bc3a01 e-con-full e-flex e-con e-child\" data-id=\"3bc3a01\" data-element_type=\"container\" data-e-type=\"container\">\n\t\t\t\t<div class=\"elementor-element elementor-element-73ad653 elementor-widget elementor-widget-image\" data-id=\"73ad653\" data-element_type=\"widget\" data-e-type=\"widget\" data-widget_type=\"image.default\">\n\t\t\t\t<div class=\"elementor-widget-container\">\n\t\t\t\t\t\t\t\t\t\t\t\t\t\t\t<img fetchpriority=\"high\" decoding=\"async\" width=\"2560\" height=\"1922\" src=\"https:\/\/martinoabogados.com\/wp-content\/uploads\/2024\/09\/derecho_inmobiliario_macos_martino-scaled.jpg\" class=\"attachment-full size-full wp-image-349\" alt=\"\" srcset=\"https:\/\/martinoabogados.com\/wp-content\/uploads\/2024\/09\/derecho_inmobiliario_macos_martino-scaled.jpg 2560w, https:\/\/martinoabogados.com\/wp-content\/uploads\/2024\/09\/derecho_inmobiliario_macos_martino-300x225.jpg 300w, https:\/\/martinoabogados.com\/wp-content\/uploads\/2024\/09\/derecho_inmobiliario_macos_martino-1024x769.jpg 1024w, https:\/\/martinoabogados.com\/wp-content\/uploads\/2024\/09\/derecho_inmobiliario_macos_martino-768x577.jpg 768w, https:\/\/martinoabogados.com\/wp-content\/uploads\/2024\/09\/derecho_inmobiliario_macos_martino-1536x1153.jpg 1536w, https:\/\/martinoabogados.com\/wp-content\/uploads\/2024\/09\/derecho_inmobiliario_macos_martino-2048x1538.jpg 2048w\" sizes=\"(max-width: 2560px) 100vw, 2560px\" \/>\t\t\t\t\t\t\t\t\t\t\t\t\t\t\t<\/div>\n\t\t\t\t<\/div>\n\t\t\t\t<\/div>\n\t\t<div class=\"elementor-element elementor-element-03cad89 e-con-full e-flex e-con e-child\" data-id=\"03cad89\" data-element_type=\"container\" data-e-type=\"container\">\n\t\t\t\t<div class=\"elementor-element elementor-element-16d0ffa elementor-widget elementor-widget-text-editor\" data-id=\"16d0ffa\" data-element_type=\"widget\" data-e-type=\"widget\" data-widget_type=\"text-editor.default\">\n\t\t\t\t<div class=\"elementor-widget-container\">\n\t\t\t\t\t\t\t\t\t<p><span style=\"font-weight: 400;\">Nuestros servicios en Derecho Civil incluyen:<\/span><\/p><ul><li style=\"font-weight: 400;\" aria-level=\"1\"><span style=\"font-weight: 400;\">Derecho inmobiliario y arrendamientos urbanos (desahucios).<\/span><\/li><li style=\"font-weight: 400;\" aria-level=\"1\"><span style=\"font-weight: 400;\">Asesoramiento en compra y venta de propiedades.<\/span><\/li><li style=\"font-weight: 400;\" aria-level=\"1\"><span style=\"font-weight: 400;\">Redacci\u00f3n y revisi\u00f3n de contratos de arrendamiento.<\/span><\/li><li style=\"font-weight: 400;\" aria-level=\"1\"><span style=\"font-weight: 400;\">Estudio y redacci\u00f3n de contratos.<\/span><\/li><li style=\"font-weight: 400;\" aria-level=\"1\"><span style=\"font-weight: 400;\">Reclamaciones de cantidad e impagados.<\/span><\/li><li style=\"font-weight: 400;\" aria-level=\"1\"><span style=\"font-weight: 400;\">Divisi\u00f3n de patrimonios (judicial y extrajudicial).<\/span><\/li><li style=\"font-weight: 400;\" aria-level=\"1\"><span style=\"font-weight: 400;\">Responsabilidad civil (contractual y extracontractual).<\/span><\/li><li style=\"font-weight: 400;\" aria-level=\"1\"><span style=\"font-weight: 400;\">Filiaciones, herencias y sucesiones.<\/span><\/li><li style=\"font-weight: 400;\" aria-level=\"1\"><span style=\"font-weight: 400;\">Medidas de apoyo a la discapacidad.<\/span><\/li><li style=\"font-weight: 400;\" aria-level=\"1\"><span style=\"font-weight: 400;\">Separaciones, divorcios y medidas paterno-filiales.<\/span><\/li><\/ul><p>\u00a0<\/p>\t\t\t\t\t\t\t\t<\/div>\n\t\t\t\t<\/div>\n\t\t\t\t<div class=\"elementor-element elementor-element-dc03032 elementor-align-left elementor-invisible elementor-widget elementor-widget-button\" data-id=\"dc03032\" data-element_type=\"widget\" data-e-type=\"widget\" data-settings=\"{&quot;_animation&quot;:&quot;fadeInDown&quot;}\" data-widget_type=\"button.default\">\n\t\t\t\t<div class=\"elementor-widget-container\">\n\t\t\t\t\t\t\t\t\t<div class=\"elementor-button-wrapper\">\n\t\t\t\t\t<a class=\"elementor-button elementor-button-link elementor-size-md\" href=\"http:\/\/wa.me\/34623362261\" target=\"_blank\" rel=\"nofollow\">\n\t\t\t\t\t\t<span class=\"elementor-button-content-wrapper\">\n\t\t\t\t\t\t\t\t\t<span class=\"elementor-button-text\">Hablemos sobre tu caso<\/span>\n\t\t\t\t\t<\/span>\n\t\t\t\t\t<\/a>\n\t\t\t\t<\/div>\n\t\t\t\t\t\t\t\t<\/div>\n\t\t\t\t<\/div>\n\t\t\t\t<\/div>\n\t\t\t\t\t<\/div>\n\t\t\t\t<\/div>\n\t\t\t\t<\/div>","protected":false},"excerpt":{"rendered":"<p>Derecho civil El Derecho Civil, tambi\u00e9n conocido como \u00abderecho com\u00fan\u00bb, regula las relaciones entre personas y\/o entidades sin la intervenci\u00f3n del Estado. Estas relaciones pueden ser tanto p\u00fablicas como privadas, voluntarias o forzosas, y abarcan aspectos patrimoniales y personales. Se aplica a todas aquellas \u00e1reas del derecho privado que no est\u00e1n reguladas espec\u00edficamente por otras [&hellip;]<\/p>\n","protected":false},"author":1,"featured_media":0,"parent":0,"menu_order":0,"comment_status":"closed","ping_status":"closed","template":"elementor_header_footer","meta":{"footnotes":""},"class_list":["post-346","page","type-page","status-publish","hentry"],"aioseo_notices":[],"_links":{"self":[{"href":"https:\/\/martinoabogados.com\/ca\/wp-json\/wp\/v2\/pages\/346","targetHints":{"allow":["GET"]}}],"collection":[{"href":"https:\/\/martinoabogados.com\/ca\/wp-json\/wp\/v2\/pages"}],"about":[{"href":"https:\/\/martinoabogados.com\/ca\/wp-json\/wp\/v2\/types\/page"}],"author":[{"embeddable":true,"href":"https:\/\/martinoabogados.com\/ca\/wp-json\/wp\/v2\/users\/1"}],"replies":[{"embeddable":true,"href":"https:\/\/martinoabogados.com\/ca\/wp-json\/wp\/v2\/comments?post=346"}],"version-history":[{"count":31,"href":"https:\/\/martinoabogados.com\/ca\/wp-json\/wp\/v2\/pages\/346\/revisions"}],"predecessor-version":[{"id":692,"href":"https:\/\/martinoabogados.com\/ca\/wp-json\/wp\/v2\/pages\/346\/revisions\/692"}],"wp:attachment":[{"href":"https:\/\/martinoabogados.com\/ca\/wp-json\/wp\/v2\/media?parent=346"}],"curies":[{"name":"wp","href":"https:\/\/api.w.org\/{rel}","templated":true}]}}